{"id":132737,"date":"2026-05-08T16:17:57","date_gmt":"2026-05-08T19:17:57","guid":{"rendered":"https:\/\/www.pimentacultural.com\/?post_type=product&#038;p=132737"},"modified":"2026-05-08T16:20:14","modified_gmt":"2026-05-08T19:20:14","slug":"formacao-tradutores-interpretes-2","status":"publish","type":"product","link":"https:\/\/www.pimentacultural.com\/en\/livro\/formacao-tradutores-interpretes-2\/","title":{"rendered":"Forma\u00e7\u00e3o de Tradutores e Int\u00e9rpretes de Libras-Portugu\u00eas na Educa\u00e7\u00e3o B\u00e1sica &#8211; Volume 2"},"content":{"rendered":"","protected":false},"excerpt":{"rendered":"","protected":false},"featured_media":132733,"template":"","meta":[],"product_brand":[],"product_cat":[718,726],"product_tag":[],"class_list":{"0":"post-132737","1":"product","2":"type-product","3":"status-publish","4":"has-post-thumbnail","6":"product_cat-linguistica-letras-artes","7":"product_cat-letras","9":"first","10":"instock","11":"shipping-taxable","12":"product-type-simple"},"_links":{"self":[{"href":"https:\/\/www.pimentacultural.com\/en\/wp-json\/wp\/v2\/product\/132737","targetHints":{"allow":["GET"]}}],"collection":[{"href":"https:\/\/www.pimentacultural.com\/en\/wp-json\/wp\/v2\/product"}],"about":[{"href":"https:\/\/www.pimentacultural.com\/en\/wp-json\/wp\/v2\/types\/product"}],"version-history":[{"count":1,"href":"https:\/\/www.pimentacultural.com\/en\/wp-json\/wp\/v2\/product\/132737\/revisions"}],"predecessor-version":[{"id":132738,"href":"https:\/\/www.pimentacultural.com\/en\/wp-json\/wp\/v2\/product\/132737\/revisions\/132738"}],"wp:featuredmedia":[{"embeddable":true,"href":"https:\/\/www.pimentacultural.com\/en\/wp-json\/wp\/v2\/media\/132733"}],"wp:attachment":[{"href":"https:\/\/www.pimentacultural.com\/en\/wp-json\/wp\/v2\/media?parent=132737"}],"wp:term":[{"taxonomy":"product_brand","embeddable":true,"href":"https:\/\/www.pimentacultural.com\/en\/wp-json\/wp\/v2\/product_brand?post=132737"},{"taxonomy":"product_cat","embeddable":true,"href":"https:\/\/www.pimentacultural.com\/en\/wp-json\/wp\/v2\/product_cat?post=132737"},{"taxonomy":"product_tag","embeddable":true,"href":"https:\/\/www.pimentacultural.com\/en\/wp-json\/wp\/v2\/product_tag?post=132737"}],"curies":[{"name":"wp","href":"https:\/\/api.w.org\/{rel}","templated":true}]}}