{"id":132729,"date":"2026-05-08T15:08:41","date_gmt":"2026-05-08T18:08:41","guid":{"rendered":"https:\/\/www.pimentacultural.com\/?post_type=product&#038;p=132729"},"modified":"2026-05-08T15:11:12","modified_gmt":"2026-05-08T18:11:12","slug":"letramento-educacao","status":"publish","type":"product","link":"https:\/\/www.pimentacultural.com\/en\/livro\/letramento-educacao\/","title":{"rendered":"Letramentos e Educa\u00e7\u00e3o Semi\u00f3tica"},"content":{"rendered":"","protected":false},"excerpt":{"rendered":"","protected":false},"featured_media":132725,"template":"","meta":[],"product_brand":[],"product_cat":[718,726],"product_tag":[],"class_list":{"0":"post-132729","1":"product","2":"type-product","3":"status-publish","4":"has-post-thumbnail","6":"product_cat-linguistica-letras-artes","7":"product_cat-letras","9":"first","10":"instock","11":"shipping-taxable","12":"product-type-simple"},"_links":{"self":[{"href":"https:\/\/www.pimentacultural.com\/en\/wp-json\/wp\/v2\/product\/132729","targetHints":{"allow":["GET"]}}],"collection":[{"href":"https:\/\/www.pimentacultural.com\/en\/wp-json\/wp\/v2\/product"}],"about":[{"href":"https:\/\/www.pimentacultural.com\/en\/wp-json\/wp\/v2\/types\/product"}],"version-history":[{"count":1,"href":"https:\/\/www.pimentacultural.com\/en\/wp-json\/wp\/v2\/product\/132729\/revisions"}],"predecessor-version":[{"id":132730,"href":"https:\/\/www.pimentacultural.com\/en\/wp-json\/wp\/v2\/product\/132729\/revisions\/132730"}],"wp:featuredmedia":[{"embeddable":true,"href":"https:\/\/www.pimentacultural.com\/en\/wp-json\/wp\/v2\/media\/132725"}],"wp:attachment":[{"href":"https:\/\/www.pimentacultural.com\/en\/wp-json\/wp\/v2\/media?parent=132729"}],"wp:term":[{"taxonomy":"product_brand","embeddable":true,"href":"https:\/\/www.pimentacultural.com\/en\/wp-json\/wp\/v2\/product_brand?post=132729"},{"taxonomy":"product_cat","embeddable":true,"href":"https:\/\/www.pimentacultural.com\/en\/wp-json\/wp\/v2\/product_cat?post=132729"},{"taxonomy":"product_tag","embeddable":true,"href":"https:\/\/www.pimentacultural.com\/en\/wp-json\/wp\/v2\/product_tag?post=132729"}],"curies":[{"name":"wp","href":"https:\/\/api.w.org\/{rel}","templated":true}]}}