{"id":132723,"date":"2026-05-08T14:26:19","date_gmt":"2026-05-08T17:26:19","guid":{"rendered":"https:\/\/www.pimentacultural.com\/?post_type=product&#038;p=132723"},"modified":"2026-05-08T14:29:29","modified_gmt":"2026-05-08T17:29:29","slug":"competencias-amanha-2","status":"publish","type":"product","link":"https:\/\/www.pimentacultural.com\/en\/livro\/competencias-amanha-2\/","title":{"rendered":"Compet\u00eancias do Amanh\u00e3: pesquisa e pr\u00e1tica com tecnologias imersivas, aditivas e de fronteira na Ind\u00fastria 4.0 e al\u00e9m"},"content":{"rendered":"","protected":false},"excerpt":{"rendered":"","protected":false},"featured_media":132719,"template":"","meta":[],"product_brand":[],"product_cat":[745,875],"product_tag":[],"class_list":{"0":"post-132723","1":"product","2":"type-product","3":"status-publish","4":"has-post-thumbnail","6":"product_cat-engenharia","7":"product_cat-educacao-engenharia","9":"first","10":"instock","11":"shipping-taxable","12":"product-type-simple"},"_links":{"self":[{"href":"https:\/\/www.pimentacultural.com\/en\/wp-json\/wp\/v2\/product\/132723","targetHints":{"allow":["GET"]}}],"collection":[{"href":"https:\/\/www.pimentacultural.com\/en\/wp-json\/wp\/v2\/product"}],"about":[{"href":"https:\/\/www.pimentacultural.com\/en\/wp-json\/wp\/v2\/types\/product"}],"version-history":[{"count":1,"href":"https:\/\/www.pimentacultural.com\/en\/wp-json\/wp\/v2\/product\/132723\/revisions"}],"predecessor-version":[{"id":132724,"href":"https:\/\/www.pimentacultural.com\/en\/wp-json\/wp\/v2\/product\/132723\/revisions\/132724"}],"wp:featuredmedia":[{"embeddable":true,"href":"https:\/\/www.pimentacultural.com\/en\/wp-json\/wp\/v2\/media\/132719"}],"wp:attachment":[{"href":"https:\/\/www.pimentacultural.com\/en\/wp-json\/wp\/v2\/media?parent=132723"}],"wp:term":[{"taxonomy":"product_brand","embeddable":true,"href":"https:\/\/www.pimentacultural.com\/en\/wp-json\/wp\/v2\/product_brand?post=132723"},{"taxonomy":"product_cat","embeddable":true,"href":"https:\/\/www.pimentacultural.com\/en\/wp-json\/wp\/v2\/product_cat?post=132723"},{"taxonomy":"product_tag","embeddable":true,"href":"https:\/\/www.pimentacultural.com\/en\/wp-json\/wp\/v2\/product_tag?post=132723"}],"curies":[{"name":"wp","href":"https:\/\/api.w.org\/{rel}","templated":true}]}}