{"id":132707,"date":"2026-05-08T11:17:08","date_gmt":"2026-05-08T14:17:08","guid":{"rendered":"https:\/\/www.pimentacultural.com\/?post_type=product&#038;p=132707"},"modified":"2026-05-08T11:21:29","modified_gmt":"2026-05-08T14:21:29","slug":"nordeste-diante","status":"publish","type":"product","link":"https:\/\/www.pimentacultural.com\/en\/livro\/nordeste-diante\/","title":{"rendered":"Do Nordeste em diante: um olhar sociol\u00f3gico no batente &#8211; GEPSEM em a\u00e7\u00e3o"},"content":{"rendered":"","protected":false},"excerpt":{"rendered":"","protected":false},"featured_media":132708,"template":"","meta":[],"product_brand":[],"product_cat":[716,737],"product_tag":[],"class_list":{"0":"post-132707","1":"product","2":"type-product","3":"status-publish","4":"has-post-thumbnail","6":"product_cat-ciencias-humanas","7":"product_cat-filosofia","9":"first","10":"instock","11":"shipping-taxable","12":"product-type-simple"},"_links":{"self":[{"href":"https:\/\/www.pimentacultural.com\/en\/wp-json\/wp\/v2\/product\/132707","targetHints":{"allow":["GET"]}}],"collection":[{"href":"https:\/\/www.pimentacultural.com\/en\/wp-json\/wp\/v2\/product"}],"about":[{"href":"https:\/\/www.pimentacultural.com\/en\/wp-json\/wp\/v2\/types\/product"}],"version-history":[{"count":1,"href":"https:\/\/www.pimentacultural.com\/en\/wp-json\/wp\/v2\/product\/132707\/revisions"}],"predecessor-version":[{"id":132712,"href":"https:\/\/www.pimentacultural.com\/en\/wp-json\/wp\/v2\/product\/132707\/revisions\/132712"}],"wp:featuredmedia":[{"embeddable":true,"href":"https:\/\/www.pimentacultural.com\/en\/wp-json\/wp\/v2\/media\/132708"}],"wp:attachment":[{"href":"https:\/\/www.pimentacultural.com\/en\/wp-json\/wp\/v2\/media?parent=132707"}],"wp:term":[{"taxonomy":"product_brand","embeddable":true,"href":"https:\/\/www.pimentacultural.com\/en\/wp-json\/wp\/v2\/product_brand?post=132707"},{"taxonomy":"product_cat","embeddable":true,"href":"https:\/\/www.pimentacultural.com\/en\/wp-json\/wp\/v2\/product_cat?post=132707"},{"taxonomy":"product_tag","embeddable":true,"href":"https:\/\/www.pimentacultural.com\/en\/wp-json\/wp\/v2\/product_tag?post=132707"}],"curies":[{"name":"wp","href":"https:\/\/api.w.org\/{rel}","templated":true}]}}