{"id":132705,"date":"2026-05-08T10:30:41","date_gmt":"2026-05-08T13:30:41","guid":{"rendered":"https:\/\/www.pimentacultural.com\/?post_type=product&#038;p=132705"},"modified":"2026-05-08T10:33:11","modified_gmt":"2026-05-08T13:33:11","slug":"morfologias-fetiche","status":"publish","type":"product","link":"https:\/\/www.pimentacultural.com\/en\/livro\/morfologias-fetiche\/","title":{"rendered":"Morfologias do fetiche e colis\u00f5es formativas: repensar a forma\u00e7\u00e3o humana pela Internacional Situacionista e pela Teoria Cr\u00edtica do Valor"},"content":{"rendered":"","protected":false},"excerpt":{"rendered":"","protected":false},"featured_media":132701,"template":"","meta":[],"product_brand":[],"product_cat":[716,737],"product_tag":[],"class_list":{"0":"post-132705","1":"product","2":"type-product","3":"status-publish","4":"has-post-thumbnail","6":"product_cat-ciencias-humanas","7":"product_cat-filosofia","9":"first","10":"instock","11":"shipping-taxable","12":"product-type-simple"},"_links":{"self":[{"href":"https:\/\/www.pimentacultural.com\/en\/wp-json\/wp\/v2\/product\/132705","targetHints":{"allow":["GET"]}}],"collection":[{"href":"https:\/\/www.pimentacultural.com\/en\/wp-json\/wp\/v2\/product"}],"about":[{"href":"https:\/\/www.pimentacultural.com\/en\/wp-json\/wp\/v2\/types\/product"}],"version-history":[{"count":1,"href":"https:\/\/www.pimentacultural.com\/en\/wp-json\/wp\/v2\/product\/132705\/revisions"}],"predecessor-version":[{"id":132706,"href":"https:\/\/www.pimentacultural.com\/en\/wp-json\/wp\/v2\/product\/132705\/revisions\/132706"}],"wp:featuredmedia":[{"embeddable":true,"href":"https:\/\/www.pimentacultural.com\/en\/wp-json\/wp\/v2\/media\/132701"}],"wp:attachment":[{"href":"https:\/\/www.pimentacultural.com\/en\/wp-json\/wp\/v2\/media?parent=132705"}],"wp:term":[{"taxonomy":"product_brand","embeddable":true,"href":"https:\/\/www.pimentacultural.com\/en\/wp-json\/wp\/v2\/product_brand?post=132705"},{"taxonomy":"product_cat","embeddable":true,"href":"https:\/\/www.pimentacultural.com\/en\/wp-json\/wp\/v2\/product_cat?post=132705"},{"taxonomy":"product_tag","embeddable":true,"href":"https:\/\/www.pimentacultural.com\/en\/wp-json\/wp\/v2\/product_tag?post=132705"}],"curies":[{"name":"wp","href":"https:\/\/api.w.org\/{rel}","templated":true}]}}