{"id":132691,"date":"2026-05-04T10:50:23","date_gmt":"2026-05-04T13:50:23","guid":{"rendered":"https:\/\/www.pimentacultural.com\/?post_type=product&#038;p=132691"},"modified":"2026-05-04T10:57:24","modified_gmt":"2026-05-04T13:57:24","slug":"ciencias-humanas-v-6","status":"publish","type":"product","link":"https:\/\/www.pimentacultural.com\/en\/livro\/ciencias-humanas-v-6\/","title":{"rendered":"Abordagens te\u00f3ricas e pr\u00e1ticas em pesquisa. Cole\u00e7\u00e3o Ci\u00eancias Humanas. V.6"},"content":{"rendered":"","protected":false},"excerpt":{"rendered":"<p><em>Obra organizada a partir de chamada aberta por meio de edital, com recebimento cont\u00ednuo de artigos para composi\u00e7\u00e3o dos cap\u00edtulos. <\/em><\/p>\n<p><em>Livro em fase de elabora\u00e7\u00e3o.<\/em><\/p>\n<p><strong>Fa\u00e7a o download dos cap\u00edtulos clicando nos t\u00edtulos abaixo.<\/strong><\/p>\n<p>&nbsp;<\/p>\n<h4>CAP\u00cdTULOS<\/h4>\n<hr \/>\n<h5><\/h5>\n<h5><a href=\"https:\/\/www.pimentacultural.com\/wp-content\/uploads\/2026\/05\/Expediente_ID-CH-v.-6.pdf\"><strong>Elementos pr\u00e9-textuais: capa, folha de rosto, ficha catalogr\u00e1fica, expediente e comit\u00ea editorial.<\/strong><\/a><\/h5>\n<h5><a href=\"https:\/\/www.pimentacultural.com\/wp-content\/uploads\/2026\/05\/ID-CH-v.-6-cap-1_Entre-o-eu-e-o-mundo-o-cuidado-de-si-como-pratica-de-interdependencia-responsabilidade-ecologica-e.pdf\">Cap\u00edtulo 1 &#8211; <span data-sheets-root=\"1\">Entre o eu e o mundo: o cuidado de si como pr\u00e1tica de interdepend\u00eancia, responsabilidade ecol\u00f3gica e forma\u00e7\u00e3o humana. Autores: Hermindo Jo\u00e3o Wimpe, Cristiane Weide Gon\u00e7alves, Moises Jo\u00e3o Wimpe e Runice C\u00e1<\/span><\/a><\/h5>\n<h5><a href=\"https:\/\/www.pimentacultural.com\/wp-content\/uploads\/2026\/05\/ID-CH-v.-6-cap-2_Memoria-e-silencio-da-floresta-o-desaparecimento-da-fauna-e-flora-em-Matu-di-Kon.pdf\">Cap\u00edtulo 2 &#8211; <span data-sheets-root=\"1\">Mem\u00f3ria e sil\u00eancio da floresta: o desaparecimento da fauna e flora em Matu di Kon. Autores: Hermindo Jo\u00e3o Wimpe, Cristiane Weide Gon\u00e7alves, Moises Jo\u00e3o Wimpe e Runice C\u00e1<\/span><\/a><\/h5>\n<h5><\/h5>\n","protected":false},"featured_media":132683,"template":"","meta":[],"product_brand":[],"product_cat":[716],"product_tag":[],"class_list":{"0":"post-132691","1":"product","2":"type-product","3":"status-publish","4":"has-post-thumbnail","6":"product_cat-ciencias-humanas","8":"first","9":"instock","10":"shipping-taxable","11":"product-type-simple"},"_links":{"self":[{"href":"https:\/\/www.pimentacultural.com\/en\/wp-json\/wp\/v2\/product\/132691","targetHints":{"allow":["GET"]}}],"collection":[{"href":"https:\/\/www.pimentacultural.com\/en\/wp-json\/wp\/v2\/product"}],"about":[{"href":"https:\/\/www.pimentacultural.com\/en\/wp-json\/wp\/v2\/types\/product"}],"version-history":[{"count":1,"href":"https:\/\/www.pimentacultural.com\/en\/wp-json\/wp\/v2\/product\/132691\/revisions"}],"predecessor-version":[{"id":132692,"href":"https:\/\/www.pimentacultural.com\/en\/wp-json\/wp\/v2\/product\/132691\/revisions\/132692"}],"wp:featuredmedia":[{"embeddable":true,"href":"https:\/\/www.pimentacultural.com\/en\/wp-json\/wp\/v2\/media\/132683"}],"wp:attachment":[{"href":"https:\/\/www.pimentacultural.com\/en\/wp-json\/wp\/v2\/media?parent=132691"}],"wp:term":[{"taxonomy":"product_brand","embeddable":true,"href":"https:\/\/www.pimentacultural.com\/en\/wp-json\/wp\/v2\/product_brand?post=132691"},{"taxonomy":"product_cat","embeddable":true,"href":"https:\/\/www.pimentacultural.com\/en\/wp-json\/wp\/v2\/product_cat?post=132691"},{"taxonomy":"product_tag","embeddable":true,"href":"https:\/\/www.pimentacultural.com\/en\/wp-json\/wp\/v2\/product_tag?post=132691"}],"curies":[{"name":"wp","href":"https:\/\/api.w.org\/{rel}","templated":true}]}}