{"id":132611,"date":"2026-04-17T09:55:25","date_gmt":"2026-04-17T12:55:25","guid":{"rendered":"https:\/\/www.pimentacultural.com\/?post_type=product&#038;p=132611"},"modified":"2026-04-17T16:45:10","modified_gmt":"2026-04-17T19:45:10","slug":"metodologias-pesquisa-emocoes","status":"publish","type":"product","link":"https:\/\/www.pimentacultural.com\/en\/livro\/metodologias-pesquisa-emocoes\/","title":{"rendered":"Metodologias de pesquisa sobre emo\u00e7\u00f5es no ensino\/aprendizagem de l\u00ednguas no Brasil: um estado da arte (2005-2024)"},"content":{"rendered":"","protected":false},"excerpt":{"rendered":"<p>&nbsp;<\/p>\n<p>Vinte anos de pesquisa, uma trajet\u00f3ria coletiva. Esta obra apresenta o primeiro estado da arte sobre metodologias de pesquisa em emo\u00e7\u00f5es e ensino de l\u00ednguas no Brasil (2005-2024). Atrav\u00e9s de an\u00e1lise sistem\u00e1tica de duas d\u00e9cadas de produ\u00e7\u00e3o cient\u00edfica, o livro evidencia o amadurecimento te\u00f3rico-metodol\u00f3gico do campo, identifica lacunas persistentes e aponta perspectivas futuras. Um convite essencial para todas que acreditam que estudar emo\u00e7\u00f5es \u00e9 investigar a pr\u00f3pria vida que pulsa na educa\u00e7\u00e3o lingu\u00edstica.<\/p>\n<p>Quer ir al\u00e9m? Explore as pesquisas em andamento do Grupo FORTE, que h\u00e1 mais de duas d\u00e9cadas investiga a vida que pulsa na educa\u00e7\u00e3o lingu\u00edstica: <a href=\"http:\/\/forte.tec.br\">forte.tec.br<\/a><\/p>\n<hr \/>\n<p>&nbsp;<\/p>\n","protected":false},"featured_media":132609,"template":"","meta":[],"product_brand":[],"product_cat":[718,719],"product_tag":[],"class_list":{"0":"post-132611","1":"product","2":"type-product","3":"status-publish","4":"has-post-thumbnail","6":"product_cat-linguistica-letras-artes","7":"product_cat-linguistica","9":"first","10":"instock","11":"shipping-taxable","12":"product-type-simple"},"_links":{"self":[{"href":"https:\/\/www.pimentacultural.com\/en\/wp-json\/wp\/v2\/product\/132611","targetHints":{"allow":["GET"]}}],"collection":[{"href":"https:\/\/www.pimentacultural.com\/en\/wp-json\/wp\/v2\/product"}],"about":[{"href":"https:\/\/www.pimentacultural.com\/en\/wp-json\/wp\/v2\/types\/product"}],"version-history":[{"count":6,"href":"https:\/\/www.pimentacultural.com\/en\/wp-json\/wp\/v2\/product\/132611\/revisions"}],"predecessor-version":[{"id":132617,"href":"https:\/\/www.pimentacultural.com\/en\/wp-json\/wp\/v2\/product\/132611\/revisions\/132617"}],"wp:featuredmedia":[{"embeddable":true,"href":"https:\/\/www.pimentacultural.com\/en\/wp-json\/wp\/v2\/media\/132609"}],"wp:attachment":[{"href":"https:\/\/www.pimentacultural.com\/en\/wp-json\/wp\/v2\/media?parent=132611"}],"wp:term":[{"taxonomy":"product_brand","embeddable":true,"href":"https:\/\/www.pimentacultural.com\/en\/wp-json\/wp\/v2\/product_brand?post=132611"},{"taxonomy":"product_cat","embeddable":true,"href":"https:\/\/www.pimentacultural.com\/en\/wp-json\/wp\/v2\/product_cat?post=132611"},{"taxonomy":"product_tag","embeddable":true,"href":"https:\/\/www.pimentacultural.com\/en\/wp-json\/wp\/v2\/product_tag?post=132611"}],"curies":[{"name":"wp","href":"https:\/\/api.w.org\/{rel}","templated":true}]}}