{"id":132558,"date":"2026-04-02T16:19:55","date_gmt":"2026-04-02T19:19:55","guid":{"rendered":"https:\/\/www.pimentacultural.com\/?post_type=product&#038;p=132558"},"modified":"2026-04-02T16:54:56","modified_gmt":"2026-04-02T19:54:56","slug":"ensino-biologia-interdisciplinaridade-2","status":"publish","type":"product","link":"https:\/\/www.pimentacultural.com\/en\/livro\/ensino-biologia-interdisciplinaridade-2\/","title":{"rendered":"Ensino de Biologia e Interdisciplinaridade: pr\u00e1ticas que atravessam, travessias que (a)colhem &#8211; Colet\u00e2nea de trabalhos do VI Encontro Regional de Ensino de Biologia, 2\u00ba Simp\u00f3sio de Programas Institucionais de Forma\u00e7\u00e3o Inicial de Professores e 5\u00aa Semana das Licenciaturas da Universidade Federal do ABC &#8211; Volume 2"},"content":{"rendered":"","protected":false},"excerpt":{"rendered":"","protected":false},"featured_media":132556,"template":"","meta":[],"product_brand":[],"product_cat":[716,717],"product_tag":[],"class_list":{"0":"post-132558","1":"product","2":"type-product","3":"status-publish","4":"has-post-thumbnail","6":"product_cat-ciencias-humanas","7":"product_cat-educacao","9":"first","10":"instock","11":"shipping-taxable","12":"product-type-simple"},"_links":{"self":[{"href":"https:\/\/www.pimentacultural.com\/en\/wp-json\/wp\/v2\/product\/132558","targetHints":{"allow":["GET"]}}],"collection":[{"href":"https:\/\/www.pimentacultural.com\/en\/wp-json\/wp\/v2\/product"}],"about":[{"href":"https:\/\/www.pimentacultural.com\/en\/wp-json\/wp\/v2\/types\/product"}],"version-history":[{"count":3,"href":"https:\/\/www.pimentacultural.com\/en\/wp-json\/wp\/v2\/product\/132558\/revisions"}],"predecessor-version":[{"id":132565,"href":"https:\/\/www.pimentacultural.com\/en\/wp-json\/wp\/v2\/product\/132558\/revisions\/132565"}],"wp:featuredmedia":[{"embeddable":true,"href":"https:\/\/www.pimentacultural.com\/en\/wp-json\/wp\/v2\/media\/132556"}],"wp:attachment":[{"href":"https:\/\/www.pimentacultural.com\/en\/wp-json\/wp\/v2\/media?parent=132558"}],"wp:term":[{"taxonomy":"product_brand","embeddable":true,"href":"https:\/\/www.pimentacultural.com\/en\/wp-json\/wp\/v2\/product_brand?post=132558"},{"taxonomy":"product_cat","embeddable":true,"href":"https:\/\/www.pimentacultural.com\/en\/wp-json\/wp\/v2\/product_cat?post=132558"},{"taxonomy":"product_tag","embeddable":true,"href":"https:\/\/www.pimentacultural.com\/en\/wp-json\/wp\/v2\/product_tag?post=132558"}],"curies":[{"name":"wp","href":"https:\/\/api.w.org\/{rel}","templated":true}]}}