{"id":132542,"date":"2026-03-30T10:02:07","date_gmt":"2026-03-30T13:02:07","guid":{"rendered":"https:\/\/www.pimentacultural.com\/?post_type=product&#038;p=132542"},"modified":"2026-04-02T15:05:21","modified_gmt":"2026-04-02T18:05:21","slug":"trabalho-nao-classico","status":"publish","type":"product","link":"https:\/\/www.pimentacultural.com\/en\/livro\/trabalho-nao-classico\/","title":{"rendered":"Trabalho n\u00e3o cl\u00e1ssico: perspectiva epist\u00eamico-te\u00f3rico-metodol\u00f3gica para compreens\u00e3o do mundo laboral"},"content":{"rendered":"","protected":false},"excerpt":{"rendered":"","protected":false},"featured_media":132538,"template":"","meta":[],"product_brand":[],"product_cat":[720,716],"product_tag":[],"class_list":{"0":"post-132542","1":"product","2":"type-product","3":"status-publish","4":"has-post-thumbnail","6":"product_cat-sociologia","7":"product_cat-ciencias-humanas","9":"first","10":"instock","11":"shipping-taxable","12":"product-type-simple"},"_links":{"self":[{"href":"https:\/\/www.pimentacultural.com\/en\/wp-json\/wp\/v2\/product\/132542","targetHints":{"allow":["GET"]}}],"collection":[{"href":"https:\/\/www.pimentacultural.com\/en\/wp-json\/wp\/v2\/product"}],"about":[{"href":"https:\/\/www.pimentacultural.com\/en\/wp-json\/wp\/v2\/types\/product"}],"version-history":[{"count":2,"href":"https:\/\/www.pimentacultural.com\/en\/wp-json\/wp\/v2\/product\/132542\/revisions"}],"predecessor-version":[{"id":132553,"href":"https:\/\/www.pimentacultural.com\/en\/wp-json\/wp\/v2\/product\/132542\/revisions\/132553"}],"wp:featuredmedia":[{"embeddable":true,"href":"https:\/\/www.pimentacultural.com\/en\/wp-json\/wp\/v2\/media\/132538"}],"wp:attachment":[{"href":"https:\/\/www.pimentacultural.com\/en\/wp-json\/wp\/v2\/media?parent=132542"}],"wp:term":[{"taxonomy":"product_brand","embeddable":true,"href":"https:\/\/www.pimentacultural.com\/en\/wp-json\/wp\/v2\/product_brand?post=132542"},{"taxonomy":"product_cat","embeddable":true,"href":"https:\/\/www.pimentacultural.com\/en\/wp-json\/wp\/v2\/product_cat?post=132542"},{"taxonomy":"product_tag","embeddable":true,"href":"https:\/\/www.pimentacultural.com\/en\/wp-json\/wp\/v2\/product_tag?post=132542"}],"curies":[{"name":"wp","href":"https:\/\/api.w.org\/{rel}","templated":true}]}}