{"id":132536,"date":"2026-03-27T11:29:53","date_gmt":"2026-03-27T14:29:53","guid":{"rendered":"https:\/\/www.pimentacultural.com\/?post_type=product&#038;p=132536"},"modified":"2026-03-27T11:38:36","modified_gmt":"2026-03-27T14:38:36","slug":"ensino-lingua-portuguesa","status":"publish","type":"product","link":"https:\/\/www.pimentacultural.com\/en\/livro\/ensino-lingua-portuguesa\/","title":{"rendered":"Ensino de L\u00edngua Portuguesa: reflex\u00f5es para al\u00e9m da pr\u00e1tica"},"content":{"rendered":"","protected":false},"excerpt":{"rendered":"","protected":false},"featured_media":132534,"template":"","meta":[],"product_brand":[],"product_cat":[718,719],"product_tag":[],"class_list":{"0":"post-132536","1":"product","2":"type-product","3":"status-publish","4":"has-post-thumbnail","6":"product_cat-linguistica-letras-artes","7":"product_cat-linguistica","9":"first","10":"instock","11":"shipping-taxable","12":"product-type-simple"},"_links":{"self":[{"href":"https:\/\/www.pimentacultural.com\/en\/wp-json\/wp\/v2\/product\/132536","targetHints":{"allow":["GET"]}}],"collection":[{"href":"https:\/\/www.pimentacultural.com\/en\/wp-json\/wp\/v2\/product"}],"about":[{"href":"https:\/\/www.pimentacultural.com\/en\/wp-json\/wp\/v2\/types\/product"}],"version-history":[{"count":1,"href":"https:\/\/www.pimentacultural.com\/en\/wp-json\/wp\/v2\/product\/132536\/revisions"}],"predecessor-version":[{"id":132537,"href":"https:\/\/www.pimentacultural.com\/en\/wp-json\/wp\/v2\/product\/132536\/revisions\/132537"}],"wp:featuredmedia":[{"embeddable":true,"href":"https:\/\/www.pimentacultural.com\/en\/wp-json\/wp\/v2\/media\/132534"}],"wp:attachment":[{"href":"https:\/\/www.pimentacultural.com\/en\/wp-json\/wp\/v2\/media?parent=132536"}],"wp:term":[{"taxonomy":"product_brand","embeddable":true,"href":"https:\/\/www.pimentacultural.com\/en\/wp-json\/wp\/v2\/product_brand?post=132536"},{"taxonomy":"product_cat","embeddable":true,"href":"https:\/\/www.pimentacultural.com\/en\/wp-json\/wp\/v2\/product_cat?post=132536"},{"taxonomy":"product_tag","embeddable":true,"href":"https:\/\/www.pimentacultural.com\/en\/wp-json\/wp\/v2\/product_tag?post=132536"}],"curies":[{"name":"wp","href":"https:\/\/api.w.org\/{rel}","templated":true}]}}