{"id":132524,"date":"2026-03-27T09:29:13","date_gmt":"2026-03-27T12:29:13","guid":{"rendered":"https:\/\/www.pimentacultural.com\/?post_type=product&#038;p=132524"},"modified":"2026-04-23T11:58:13","modified_gmt":"2026-04-23T14:58:13","slug":"conexoes-leopoldina","status":"publish","type":"product","link":"https:\/\/www.pimentacultural.com\/en\/livro\/conexoes-leopoldina\/","title":{"rendered":"Conex\u00f5es: Leopoldina, choro e samba"},"content":{"rendered":"","protected":false},"excerpt":{"rendered":"<h3>Lan\u00e7amento oficial em comemora\u00e7\u00e3o ao Dia Nacional do Choro, em evento promovido pelo Instituto Cultural Grupo 100% Suburbano<\/h3>\n<p>Data: 23 de abril de 2026<\/p>\n<p>Local: Reduto Pixinguinha &#8211; <span class=\"LrzXr\">Pra\u00e7a Ramos Figueira, 870 &#8211; Olaria, Rio de Janeiro &#8211; RJ<\/span><\/p>\n","protected":false},"featured_media":132520,"template":"","meta":[],"product_brand":[],"product_cat":[724,716],"product_tag":[],"class_list":{"0":"post-132524","1":"product","2":"type-product","3":"status-publish","4":"has-post-thumbnail","6":"product_cat-antropologia","7":"product_cat-ciencias-humanas","9":"first","10":"instock","11":"shipping-taxable","12":"product-type-simple"},"_links":{"self":[{"href":"https:\/\/www.pimentacultural.com\/en\/wp-json\/wp\/v2\/product\/132524","targetHints":{"allow":["GET"]}}],"collection":[{"href":"https:\/\/www.pimentacultural.com\/en\/wp-json\/wp\/v2\/product"}],"about":[{"href":"https:\/\/www.pimentacultural.com\/en\/wp-json\/wp\/v2\/types\/product"}],"version-history":[{"count":7,"href":"https:\/\/www.pimentacultural.com\/en\/wp-json\/wp\/v2\/product\/132524\/revisions"}],"predecessor-version":[{"id":132531,"href":"https:\/\/www.pimentacultural.com\/en\/wp-json\/wp\/v2\/product\/132524\/revisions\/132531"}],"wp:featuredmedia":[{"embeddable":true,"href":"https:\/\/www.pimentacultural.com\/en\/wp-json\/wp\/v2\/media\/132520"}],"wp:attachment":[{"href":"https:\/\/www.pimentacultural.com\/en\/wp-json\/wp\/v2\/media?parent=132524"}],"wp:term":[{"taxonomy":"product_brand","embeddable":true,"href":"https:\/\/www.pimentacultural.com\/en\/wp-json\/wp\/v2\/product_brand?post=132524"},{"taxonomy":"product_cat","embeddable":true,"href":"https:\/\/www.pimentacultural.com\/en\/wp-json\/wp\/v2\/product_cat?post=132524"},{"taxonomy":"product_tag","embeddable":true,"href":"https:\/\/www.pimentacultural.com\/en\/wp-json\/wp\/v2\/product_tag?post=132524"}],"curies":[{"name":"wp","href":"https:\/\/api.w.org\/{rel}","templated":true}]}}