{"id":132488,"date":"2026-03-19T15:26:04","date_gmt":"2026-03-19T18:26:04","guid":{"rendered":"https:\/\/www.pimentacultural.com\/?post_type=product&#038;p=132488"},"modified":"2026-03-19T15:30:09","modified_gmt":"2026-03-19T18:30:09","slug":"decolonizacao-arquivos","status":"publish","type":"product","link":"https:\/\/www.pimentacultural.com\/en\/livro\/decolonizacao-arquivos\/","title":{"rendered":"Decoloniza\u00e7\u00e3o, os arquivos e as institui\u00e7\u00f5es de mem\u00f3ria"},"content":{"rendered":"","protected":false},"excerpt":{"rendered":"","protected":false},"featured_media":132484,"template":"","meta":[],"product_brand":[],"product_cat":[714,747],"product_tag":[],"class_list":{"0":"post-132488","1":"product","2":"type-product","3":"status-publish","4":"has-post-thumbnail","6":"product_cat-ciencias-sociais-aplicadas","7":"product_cat-ciencia-da-informacao","9":"first","10":"instock","11":"shipping-taxable","12":"product-type-simple"},"_links":{"self":[{"href":"https:\/\/www.pimentacultural.com\/en\/wp-json\/wp\/v2\/product\/132488","targetHints":{"allow":["GET"]}}],"collection":[{"href":"https:\/\/www.pimentacultural.com\/en\/wp-json\/wp\/v2\/product"}],"about":[{"href":"https:\/\/www.pimentacultural.com\/en\/wp-json\/wp\/v2\/types\/product"}],"version-history":[{"count":0,"href":"https:\/\/www.pimentacultural.com\/en\/wp-json\/wp\/v2\/product\/132488\/revisions"}],"wp:featuredmedia":[{"embeddable":true,"href":"https:\/\/www.pimentacultural.com\/en\/wp-json\/wp\/v2\/media\/132484"}],"wp:attachment":[{"href":"https:\/\/www.pimentacultural.com\/en\/wp-json\/wp\/v2\/media?parent=132488"}],"wp:term":[{"taxonomy":"product_brand","embeddable":true,"href":"https:\/\/www.pimentacultural.com\/en\/wp-json\/wp\/v2\/product_brand?post=132488"},{"taxonomy":"product_cat","embeddable":true,"href":"https:\/\/www.pimentacultural.com\/en\/wp-json\/wp\/v2\/product_cat?post=132488"},{"taxonomy":"product_tag","embeddable":true,"href":"https:\/\/www.pimentacultural.com\/en\/wp-json\/wp\/v2\/product_tag?post=132488"}],"curies":[{"name":"wp","href":"https:\/\/api.w.org\/{rel}","templated":true}]}}