{"id":132464,"date":"2026-03-13T16:00:58","date_gmt":"2026-03-13T19:00:58","guid":{"rendered":"https:\/\/www.pimentacultural.com\/?post_type=product&#038;p=132464"},"modified":"2026-03-13T16:05:03","modified_gmt":"2026-03-13T19:05:03","slug":"caminhar-caminho","status":"publish","type":"product","link":"https:\/\/www.pimentacultural.com\/en\/livro\/caminhar-caminho\/","title":{"rendered":"\u201cAo caminhar se faz o caminho\u201d: a Lei 13.935\/2019 e o servi\u00e7o de Psicologia na Educa\u00e7\u00e3o B\u00e1sica"},"content":{"rendered":"","protected":false},"excerpt":{"rendered":"","protected":false},"featured_media":132460,"template":"","meta":[],"product_brand":[],"product_cat":[716,717,722],"product_tag":[],"class_list":{"0":"post-132464","1":"product","2":"type-product","3":"status-publish","4":"has-post-thumbnail","6":"product_cat-ciencias-humanas","7":"product_cat-educacao","8":"product_cat-psicologia","10":"first","11":"instock","12":"shipping-taxable","13":"product-type-simple"},"_links":{"self":[{"href":"https:\/\/www.pimentacultural.com\/en\/wp-json\/wp\/v2\/product\/132464","targetHints":{"allow":["GET"]}}],"collection":[{"href":"https:\/\/www.pimentacultural.com\/en\/wp-json\/wp\/v2\/product"}],"about":[{"href":"https:\/\/www.pimentacultural.com\/en\/wp-json\/wp\/v2\/types\/product"}],"version-history":[{"count":0,"href":"https:\/\/www.pimentacultural.com\/en\/wp-json\/wp\/v2\/product\/132464\/revisions"}],"wp:featuredmedia":[{"embeddable":true,"href":"https:\/\/www.pimentacultural.com\/en\/wp-json\/wp\/v2\/media\/132460"}],"wp:attachment":[{"href":"https:\/\/www.pimentacultural.com\/en\/wp-json\/wp\/v2\/media?parent=132464"}],"wp:term":[{"taxonomy":"product_brand","embeddable":true,"href":"https:\/\/www.pimentacultural.com\/en\/wp-json\/wp\/v2\/product_brand?post=132464"},{"taxonomy":"product_cat","embeddable":true,"href":"https:\/\/www.pimentacultural.com\/en\/wp-json\/wp\/v2\/product_cat?post=132464"},{"taxonomy":"product_tag","embeddable":true,"href":"https:\/\/www.pimentacultural.com\/en\/wp-json\/wp\/v2\/product_tag?post=132464"}],"curies":[{"name":"wp","href":"https:\/\/api.w.org\/{rel}","templated":true}]}}