{"id":132449,"date":"2026-03-12T11:34:51","date_gmt":"2026-03-12T14:34:51","guid":{"rendered":"https:\/\/www.pimentacultural.com\/?post_type=product&#038;p=132449"},"modified":"2026-03-12T16:22:51","modified_gmt":"2026-03-12T19:22:51","slug":"residuos-polimericos","status":"publish","type":"product","link":"https:\/\/www.pimentacultural.com\/en\/livro\/residuos-polimericos\/","title":{"rendered":"Res\u00edduos polim\u00e9ricos empregados em fixa\u00e7\u00f5es ferrovi\u00e1rias: desafios e solu\u00e7\u00f5es sustent\u00e1veis"},"content":{"rendered":"","protected":false},"excerpt":{"rendered":"","protected":false},"featured_media":132447,"template":"","meta":[],"product_brand":[],"product_cat":[745],"product_tag":[],"class_list":{"0":"post-132449","1":"product","2":"type-product","3":"status-publish","4":"has-post-thumbnail","6":"product_cat-engenharia","8":"first","9":"instock","10":"shipping-taxable","11":"product-type-simple"},"_links":{"self":[{"href":"https:\/\/www.pimentacultural.com\/en\/wp-json\/wp\/v2\/product\/132449","targetHints":{"allow":["GET"]}}],"collection":[{"href":"https:\/\/www.pimentacultural.com\/en\/wp-json\/wp\/v2\/product"}],"about":[{"href":"https:\/\/www.pimentacultural.com\/en\/wp-json\/wp\/v2\/types\/product"}],"version-history":[{"count":0,"href":"https:\/\/www.pimentacultural.com\/en\/wp-json\/wp\/v2\/product\/132449\/revisions"}],"wp:featuredmedia":[{"embeddable":true,"href":"https:\/\/www.pimentacultural.com\/en\/wp-json\/wp\/v2\/media\/132447"}],"wp:attachment":[{"href":"https:\/\/www.pimentacultural.com\/en\/wp-json\/wp\/v2\/media?parent=132449"}],"wp:term":[{"taxonomy":"product_brand","embeddable":true,"href":"https:\/\/www.pimentacultural.com\/en\/wp-json\/wp\/v2\/product_brand?post=132449"},{"taxonomy":"product_cat","embeddable":true,"href":"https:\/\/www.pimentacultural.com\/en\/wp-json\/wp\/v2\/product_cat?post=132449"},{"taxonomy":"product_tag","embeddable":true,"href":"https:\/\/www.pimentacultural.com\/en\/wp-json\/wp\/v2\/product_tag?post=132449"}],"curies":[{"name":"wp","href":"https:\/\/api.w.org\/{rel}","templated":true}]}}