{"id":132432,"date":"2026-03-04T09:54:52","date_gmt":"2026-03-04T12:54:52","guid":{"rendered":"https:\/\/www.pimentacultural.com\/?post_type=product&#038;p=132432"},"modified":"2026-03-31T11:45:34","modified_gmt":"2026-03-31T14:45:34","slug":"moderna-maquina-pedagogica","status":"publish","type":"product","link":"https:\/\/www.pimentacultural.com\/en\/livro\/moderna-maquina-pedagogica\/","title":{"rendered":"A moderna m\u00e1quina pedag\u00f3gica: uma an\u00e1lise do empreendedor de si enquanto uma forma-social \u00e0 luz da Teoria Cr\u00edtica do Valor (Wertkritik)"},"content":{"rendered":"","protected":false},"excerpt":{"rendered":"","protected":false},"featured_media":132428,"template":"","meta":[],"product_brand":[],"product_cat":[716,717],"product_tag":[],"class_list":{"0":"post-132432","1":"product","2":"type-product","3":"status-publish","4":"has-post-thumbnail","6":"product_cat-ciencias-humanas","7":"product_cat-educacao","9":"first","10":"instock","11":"shipping-taxable","12":"product-type-simple"},"_links":{"self":[{"href":"https:\/\/www.pimentacultural.com\/en\/wp-json\/wp\/v2\/product\/132432","targetHints":{"allow":["GET"]}}],"collection":[{"href":"https:\/\/www.pimentacultural.com\/en\/wp-json\/wp\/v2\/product"}],"about":[{"href":"https:\/\/www.pimentacultural.com\/en\/wp-json\/wp\/v2\/types\/product"}],"version-history":[{"count":1,"href":"https:\/\/www.pimentacultural.com\/en\/wp-json\/wp\/v2\/product\/132432\/revisions"}],"predecessor-version":[{"id":132552,"href":"https:\/\/www.pimentacultural.com\/en\/wp-json\/wp\/v2\/product\/132432\/revisions\/132552"}],"wp:featuredmedia":[{"embeddable":true,"href":"https:\/\/www.pimentacultural.com\/en\/wp-json\/wp\/v2\/media\/132428"}],"wp:attachment":[{"href":"https:\/\/www.pimentacultural.com\/en\/wp-json\/wp\/v2\/media?parent=132432"}],"wp:term":[{"taxonomy":"product_brand","embeddable":true,"href":"https:\/\/www.pimentacultural.com\/en\/wp-json\/wp\/v2\/product_brand?post=132432"},{"taxonomy":"product_cat","embeddable":true,"href":"https:\/\/www.pimentacultural.com\/en\/wp-json\/wp\/v2\/product_cat?post=132432"},{"taxonomy":"product_tag","embeddable":true,"href":"https:\/\/www.pimentacultural.com\/en\/wp-json\/wp\/v2\/product_tag?post=132432"}],"curies":[{"name":"wp","href":"https:\/\/api.w.org\/{rel}","templated":true}]}}