{"id":132424,"date":"2026-03-02T09:56:22","date_gmt":"2026-03-02T12:56:22","guid":{"rendered":"https:\/\/www.pimentacultural.com\/?post_type=product&#038;p=132424"},"modified":"2026-03-02T09:59:07","modified_gmt":"2026-03-02T12:59:07","slug":"teacher-sim","status":"publish","type":"product","link":"https:\/\/www.pimentacultural.com\/en\/livro\/teacher-sim\/","title":{"rendered":"Teacher sim, educadora tamb\u00e9m: educa\u00e7\u00e3o lingu\u00edstica com crian\u00e7as em uma releitura das cartas de Paulo Freire"},"content":{"rendered":"","protected":false},"excerpt":{"rendered":"","protected":false},"featured_media":132420,"template":"","meta":[],"product_brand":[],"product_cat":[718,719],"product_tag":[],"class_list":{"0":"post-132424","1":"product","2":"type-product","3":"status-publish","4":"has-post-thumbnail","6":"product_cat-linguistica-letras-artes","7":"product_cat-linguistica","9":"first","10":"instock","11":"shipping-taxable","12":"product-type-simple"},"_links":{"self":[{"href":"https:\/\/www.pimentacultural.com\/en\/wp-json\/wp\/v2\/product\/132424","targetHints":{"allow":["GET"]}}],"collection":[{"href":"https:\/\/www.pimentacultural.com\/en\/wp-json\/wp\/v2\/product"}],"about":[{"href":"https:\/\/www.pimentacultural.com\/en\/wp-json\/wp\/v2\/types\/product"}],"version-history":[{"count":0,"href":"https:\/\/www.pimentacultural.com\/en\/wp-json\/wp\/v2\/product\/132424\/revisions"}],"wp:featuredmedia":[{"embeddable":true,"href":"https:\/\/www.pimentacultural.com\/en\/wp-json\/wp\/v2\/media\/132420"}],"wp:attachment":[{"href":"https:\/\/www.pimentacultural.com\/en\/wp-json\/wp\/v2\/media?parent=132424"}],"wp:term":[{"taxonomy":"product_brand","embeddable":true,"href":"https:\/\/www.pimentacultural.com\/en\/wp-json\/wp\/v2\/product_brand?post=132424"},{"taxonomy":"product_cat","embeddable":true,"href":"https:\/\/www.pimentacultural.com\/en\/wp-json\/wp\/v2\/product_cat?post=132424"},{"taxonomy":"product_tag","embeddable":true,"href":"https:\/\/www.pimentacultural.com\/en\/wp-json\/wp\/v2\/product_tag?post=132424"}],"curies":[{"name":"wp","href":"https:\/\/api.w.org\/{rel}","templated":true}]}}