{"id":132305,"date":"2026-02-06T13:51:46","date_gmt":"2026-02-06T16:51:46","guid":{"rendered":"https:\/\/www.pimentacultural.com\/?post_type=product&#038;p=132305"},"modified":"2026-02-06T13:54:02","modified_gmt":"2026-02-06T16:54:02","slug":"educacao-especial-inclusiva","status":"publish","type":"product","link":"https:\/\/www.pimentacultural.com\/en\/livro\/educacao-especial-inclusiva\/","title":{"rendered":"Educa\u00e7\u00e3o Especial e Inclusiva: diversidade, direitos humanos, forma\u00e7\u00e3o docente, pol\u00edticas p\u00fablicas e pr\u00e1ticas pedag\u00f3gicas"},"content":{"rendered":"","protected":false},"excerpt":{"rendered":"","protected":false},"featured_media":132301,"template":"","meta":[],"product_brand":[],"product_cat":[716,717],"product_tag":[],"class_list":{"0":"post-132305","1":"product","2":"type-product","3":"status-publish","4":"has-post-thumbnail","6":"product_cat-ciencias-humanas","7":"product_cat-educacao","9":"first","10":"instock","11":"shipping-taxable","12":"product-type-simple"},"_links":{"self":[{"href":"https:\/\/www.pimentacultural.com\/en\/wp-json\/wp\/v2\/product\/132305","targetHints":{"allow":["GET"]}}],"collection":[{"href":"https:\/\/www.pimentacultural.com\/en\/wp-json\/wp\/v2\/product"}],"about":[{"href":"https:\/\/www.pimentacultural.com\/en\/wp-json\/wp\/v2\/types\/product"}],"version-history":[{"count":0,"href":"https:\/\/www.pimentacultural.com\/en\/wp-json\/wp\/v2\/product\/132305\/revisions"}],"wp:featuredmedia":[{"embeddable":true,"href":"https:\/\/www.pimentacultural.com\/en\/wp-json\/wp\/v2\/media\/132301"}],"wp:attachment":[{"href":"https:\/\/www.pimentacultural.com\/en\/wp-json\/wp\/v2\/media?parent=132305"}],"wp:term":[{"taxonomy":"product_brand","embeddable":true,"href":"https:\/\/www.pimentacultural.com\/en\/wp-json\/wp\/v2\/product_brand?post=132305"},{"taxonomy":"product_cat","embeddable":true,"href":"https:\/\/www.pimentacultural.com\/en\/wp-json\/wp\/v2\/product_cat?post=132305"},{"taxonomy":"product_tag","embeddable":true,"href":"https:\/\/www.pimentacultural.com\/en\/wp-json\/wp\/v2\/product_tag?post=132305"}],"curies":[{"name":"wp","href":"https:\/\/api.w.org\/{rel}","templated":true}]}}