{"id":132295,"date":"2026-02-06T11:25:21","date_gmt":"2026-02-06T14:25:21","guid":{"rendered":"https:\/\/www.pimentacultural.com\/?post_type=product&#038;p=132295"},"modified":"2026-02-06T11:29:49","modified_gmt":"2026-02-06T14:29:49","slug":"cenarios-saude-4","status":"publish","type":"product","link":"https:\/\/www.pimentacultural.com\/en\/livro\/cenarios-saude-4\/","title":{"rendered":"Cen\u00e1rios da Sa\u00fade Brasileira: um olhar epidemiol\u00f3gico"},"content":{"rendered":"","protected":false},"excerpt":{"rendered":"","protected":false},"featured_media":132298,"template":"","meta":[],"product_brand":[],"product_cat":[732,735],"product_tag":[],"class_list":{"0":"post-132295","1":"product","2":"type-product","3":"status-publish","4":"has-post-thumbnail","6":"product_cat-ciencias-da-saude","7":"product_cat-saude-coletiva","9":"first","10":"instock","11":"shipping-taxable","12":"product-type-simple"},"_links":{"self":[{"href":"https:\/\/www.pimentacultural.com\/en\/wp-json\/wp\/v2\/product\/132295","targetHints":{"allow":["GET"]}}],"collection":[{"href":"https:\/\/www.pimentacultural.com\/en\/wp-json\/wp\/v2\/product"}],"about":[{"href":"https:\/\/www.pimentacultural.com\/en\/wp-json\/wp\/v2\/types\/product"}],"version-history":[{"count":0,"href":"https:\/\/www.pimentacultural.com\/en\/wp-json\/wp\/v2\/product\/132295\/revisions"}],"wp:featuredmedia":[{"embeddable":true,"href":"https:\/\/www.pimentacultural.com\/en\/wp-json\/wp\/v2\/media\/132298"}],"wp:attachment":[{"href":"https:\/\/www.pimentacultural.com\/en\/wp-json\/wp\/v2\/media?parent=132295"}],"wp:term":[{"taxonomy":"product_brand","embeddable":true,"href":"https:\/\/www.pimentacultural.com\/en\/wp-json\/wp\/v2\/product_brand?post=132295"},{"taxonomy":"product_cat","embeddable":true,"href":"https:\/\/www.pimentacultural.com\/en\/wp-json\/wp\/v2\/product_cat?post=132295"},{"taxonomy":"product_tag","embeddable":true,"href":"https:\/\/www.pimentacultural.com\/en\/wp-json\/wp\/v2\/product_tag?post=132295"}],"curies":[{"name":"wp","href":"https:\/\/api.w.org\/{rel}","templated":true}]}}