{"id":132213,"date":"2026-01-22T11:56:15","date_gmt":"2026-01-22T14:56:15","guid":{"rendered":"https:\/\/www.pimentacultural.com\/?post_type=product&#038;p=132213"},"modified":"2026-01-22T11:58:49","modified_gmt":"2026-01-22T14:58:49","slug":"referenciacao-textos","status":"publish","type":"product","link":"https:\/\/www.pimentacultural.com\/en\/livro\/referenciacao-textos\/","title":{"rendered":"A referencia\u00e7\u00e3o em textos multissemi\u00f3ticos: uma an\u00e1lise de anima\u00e7\u00f5es minimalistas publicadas em reels no Instagram"},"content":{"rendered":"","protected":false},"excerpt":{"rendered":"","protected":false},"featured_media":132209,"template":"","meta":[],"product_brand":[],"product_cat":[714,747,732],"product_tag":[],"class_list":{"0":"post-132213","1":"product","2":"type-product","3":"status-publish","4":"has-post-thumbnail","6":"product_cat-ciencias-sociais-aplicadas","7":"product_cat-ciencia-da-informacao","8":"product_cat-ciencias-da-saude","10":"first","11":"instock","12":"shipping-taxable","13":"product-type-simple"},"_links":{"self":[{"href":"https:\/\/www.pimentacultural.com\/en\/wp-json\/wp\/v2\/product\/132213","targetHints":{"allow":["GET"]}}],"collection":[{"href":"https:\/\/www.pimentacultural.com\/en\/wp-json\/wp\/v2\/product"}],"about":[{"href":"https:\/\/www.pimentacultural.com\/en\/wp-json\/wp\/v2\/types\/product"}],"version-history":[{"count":0,"href":"https:\/\/www.pimentacultural.com\/en\/wp-json\/wp\/v2\/product\/132213\/revisions"}],"wp:featuredmedia":[{"embeddable":true,"href":"https:\/\/www.pimentacultural.com\/en\/wp-json\/wp\/v2\/media\/132209"}],"wp:attachment":[{"href":"https:\/\/www.pimentacultural.com\/en\/wp-json\/wp\/v2\/media?parent=132213"}],"wp:term":[{"taxonomy":"product_brand","embeddable":true,"href":"https:\/\/www.pimentacultural.com\/en\/wp-json\/wp\/v2\/product_brand?post=132213"},{"taxonomy":"product_cat","embeddable":true,"href":"https:\/\/www.pimentacultural.com\/en\/wp-json\/wp\/v2\/product_cat?post=132213"},{"taxonomy":"product_tag","embeddable":true,"href":"https:\/\/www.pimentacultural.com\/en\/wp-json\/wp\/v2\/product_tag?post=132213"}],"curies":[{"name":"wp","href":"https:\/\/api.w.org\/{rel}","templated":true}]}}