{"id":132149,"date":"2026-01-15T10:37:09","date_gmt":"2026-01-15T13:37:09","guid":{"rendered":"https:\/\/www.pimentacultural.com\/?post_type=product&#038;p=132149"},"modified":"2026-02-27T15:01:36","modified_gmt":"2026-02-27T18:01:36","slug":"ciencias-saude-v-2","status":"publish","type":"product","link":"https:\/\/www.pimentacultural.com\/en\/livro\/ciencias-saude-v-2\/","title":{"rendered":"Abordagens te\u00f3ricas e pr\u00e1ticas em pesquisa. Cole\u00e7\u00e3o Ci\u00eancias da Sa\u00fade. V.2"},"content":{"rendered":"","protected":false},"excerpt":{"rendered":"<p><em>Obra organizada a partir de chamada aberta por meio de edital, com recebimento cont\u00ednuo de artigos para composi\u00e7\u00e3o dos cap\u00edtulos. <\/em><\/p>\n<p><em>Livro em fase de elabora\u00e7\u00e3o.<\/em><\/p>\n<p><strong>Fa\u00e7a o download dos cap\u00edtulos clicando nos t\u00edtulos abaixo.<\/strong><\/p>\n<p>&nbsp;<\/p>\n<h4>CAP\u00cdTULOS<\/h4>\n<hr \/>\n<h5><\/h5>\n<h5><strong><a href=\"https:\/\/www.pimentacultural.com\/wp-content\/uploads\/2026\/01\/Expediente_ID-CS-v.-2-1.pdf\">Elementos pr\u00e9-textuais: capa, folha de rosto, ficha catalogr\u00e1fica, expediente e comit\u00ea editorial.<\/a><\/strong><\/h5>\n<h5><strong><a href=\"https:\/\/www.pimentacultural.com\/wp-content\/uploads\/2026\/01\/ID-CS-v.-2-cap-1_Ensayo-para-Ecofarmacovigilancia-con-Eisenia-foetida-2.pdf\">Cap\u00edtulo 1 &#8211; Ensayo para Ecofarmacovigilancia con Eisenia foetida. Autores: Rafael Manuel de Jes\u00fas Mex \u00c1lvarez, Maria Magali Guillen Morales, Luis Ariel Manzanero Acevedo, David Yanez Nava, Daniel Eduardo Euan Garcia e Roger Enrique Chan Mart\u00ednez<\/a><\/strong><\/h5>\n<h5><a href=\"https:\/\/www.pimentacultural.com\/wp-content\/uploads\/2026\/01\/ID-CS-v.-2-cap-2_Aspectos-virologicos-e-patogenicos-do-SARS-coV-2-e-da-COVID-19.pdf\"><strong>Cap\u00edtulo 2 &#8211; Aspectos virol\u00f3gicos e patog\u00eanicos do SARS-coV-2 e da covid-19. Autoras: Andrezza Beatriz de Oliveira, Josiane de F\u00e1tima Gaspari Dias e Deise Prehs Montrucchio<\/strong><\/a><\/h5>\n<h5><a href=\"https:\/\/www.pimentacultural.com\/wp-content\/uploads\/2026\/01\/ID-CS-v.-2-cap-3_Erro-no-preparo-e-administracao-de-medicacao-cometidos-pela-equipe-de-enfermagem-em-ambiente-hospitalar.pdf\"><strong>Cap\u00edtulo 3 &#8211; Erro no preparo e administra\u00e7\u00e3o de medica\u00e7\u00e3o cometidos pela equipe de enfermagem em ambiente hospitalar. Autoras: Ana Paula de Sousa Barberino, Stef\u00e2nia Evangelista dos Santos Barros, Iasla Larissa Machado Alves, \u00cdris Caliane Coelho de Souza, Bianca Shauane Gon\u00e7alves da Silva e Herydiane Rodrigues Correia Wanderley\u00a0<\/strong><\/a><\/h5>\n<h5><a href=\"https:\/\/www.pimentacultural.com\/wp-content\/uploads\/2026\/02\/ID-CS-v.-2-cap-4_Tecnologias-digitais-na-promocao-da-saude-de-adultos-e-idosos-evidencias-desafios-e-recomendacoes.pdf\">Cap\u00edtulo 4 &#8211; <span data-sheets-root=\"1\">Tecnologias digitais na promo\u00e7\u00e3o da sa\u00fade de adultos e idosos: evid\u00eancias, desafios e recomenda\u00e7\u00f5es. Autores: J\u00e9ssica Fernanda Corr\u00eaa Cordeiro, Pedro Pugliesi Abdalla, Euripedes Barsanulfo Gon\u00e7alves Gomide, Lucimere Bohn e Andr\u00e9 Pereira dos Santos.<\/span><\/a><\/h5>\n<hr \/>\n<p>&nbsp;<\/p>\n","protected":false},"featured_media":132147,"template":"","meta":[],"product_brand":[],"product_cat":[718,729,726,719],"product_tag":[],"class_list":{"0":"post-132149","1":"product","2":"type-product","3":"status-publish","4":"has-post-thumbnail","6":"product_cat-linguistica-letras-artes","7":"product_cat-artes","8":"product_cat-letras","9":"product_cat-linguistica","11":"first","12":"instock","13":"shipping-taxable","14":"product-type-simple"},"_links":{"self":[{"href":"https:\/\/www.pimentacultural.com\/en\/wp-json\/wp\/v2\/product\/132149","targetHints":{"allow":["GET"]}}],"collection":[{"href":"https:\/\/www.pimentacultural.com\/en\/wp-json\/wp\/v2\/product"}],"about":[{"href":"https:\/\/www.pimentacultural.com\/en\/wp-json\/wp\/v2\/types\/product"}],"version-history":[{"count":0,"href":"https:\/\/www.pimentacultural.com\/en\/wp-json\/wp\/v2\/product\/132149\/revisions"}],"wp:featuredmedia":[{"embeddable":true,"href":"https:\/\/www.pimentacultural.com\/en\/wp-json\/wp\/v2\/media\/132147"}],"wp:attachment":[{"href":"https:\/\/www.pimentacultural.com\/en\/wp-json\/wp\/v2\/media?parent=132149"}],"wp:term":[{"taxonomy":"product_brand","embeddable":true,"href":"https:\/\/www.pimentacultural.com\/en\/wp-json\/wp\/v2\/product_brand?post=132149"},{"taxonomy":"product_cat","embeddable":true,"href":"https:\/\/www.pimentacultural.com\/en\/wp-json\/wp\/v2\/product_cat?post=132149"},{"taxonomy":"product_tag","embeddable":true,"href":"https:\/\/www.pimentacultural.com\/en\/wp-json\/wp\/v2\/product_tag?post=132149"}],"curies":[{"name":"wp","href":"https:\/\/api.w.org\/{rel}","templated":true}]}}