{"id":132061,"date":"2025-12-23T14:43:49","date_gmt":"2025-12-23T17:43:49","guid":{"rendered":"https:\/\/www.pimentacultural.com\/?post_type=product&#038;p=132061"},"modified":"2025-12-23T14:47:52","modified_gmt":"2025-12-23T17:47:52","slug":"governanca-informacao","status":"publish","type":"product","link":"https:\/\/www.pimentacultural.com\/en\/livro\/governanca-informacao\/","title":{"rendered":"Governan\u00e7a da informa\u00e7\u00e3o em sa\u00fade: fundamentos, pr\u00e1ticas e perspectivas"},"content":{"rendered":"","protected":false},"excerpt":{"rendered":"","protected":false},"featured_media":132057,"template":"","meta":[],"product_brand":[],"product_cat":[714,747,732],"product_tag":[],"class_list":{"0":"post-132061","1":"product","2":"type-product","3":"status-publish","4":"has-post-thumbnail","6":"product_cat-ciencias-sociais-aplicadas","7":"product_cat-ciencia-da-informacao","8":"product_cat-ciencias-da-saude","10":"first","11":"instock","12":"shipping-taxable","13":"product-type-simple"},"_links":{"self":[{"href":"https:\/\/www.pimentacultural.com\/en\/wp-json\/wp\/v2\/product\/132061","targetHints":{"allow":["GET"]}}],"collection":[{"href":"https:\/\/www.pimentacultural.com\/en\/wp-json\/wp\/v2\/product"}],"about":[{"href":"https:\/\/www.pimentacultural.com\/en\/wp-json\/wp\/v2\/types\/product"}],"version-history":[{"count":0,"href":"https:\/\/www.pimentacultural.com\/en\/wp-json\/wp\/v2\/product\/132061\/revisions"}],"wp:featuredmedia":[{"embeddable":true,"href":"https:\/\/www.pimentacultural.com\/en\/wp-json\/wp\/v2\/media\/132057"}],"wp:attachment":[{"href":"https:\/\/www.pimentacultural.com\/en\/wp-json\/wp\/v2\/media?parent=132061"}],"wp:term":[{"taxonomy":"product_brand","embeddable":true,"href":"https:\/\/www.pimentacultural.com\/en\/wp-json\/wp\/v2\/product_brand?post=132061"},{"taxonomy":"product_cat","embeddable":true,"href":"https:\/\/www.pimentacultural.com\/en\/wp-json\/wp\/v2\/product_cat?post=132061"},{"taxonomy":"product_tag","embeddable":true,"href":"https:\/\/www.pimentacultural.com\/en\/wp-json\/wp\/v2\/product_tag?post=132061"}],"curies":[{"name":"wp","href":"https:\/\/api.w.org\/{rel}","templated":true}]}}