{"id":131998,"date":"2025-12-19T16:28:23","date_gmt":"2025-12-19T19:28:23","guid":{"rendered":"https:\/\/www.pimentacultural.com\/?post_type=product&#038;p=131998"},"modified":"2025-12-19T16:31:44","modified_gmt":"2025-12-19T19:31:44","slug":"competitividade-aulas","status":"publish","type":"product","link":"https:\/\/www.pimentacultural.com\/en\/livro\/competitividade-aulas\/","title":{"rendered":"Competitividade nas aulas de Educa\u00e7\u00e3o F\u00edsica: das concep\u00e7\u00f5es \u00e0 organiza\u00e7\u00e3o do trabalho pedag\u00f3gico"},"content":{"rendered":"","protected":false},"excerpt":{"rendered":"","protected":false},"featured_media":131996,"template":"","meta":[],"product_brand":[],"product_cat":[716,732,717,733],"product_tag":[],"class_list":{"0":"post-131998","1":"product","2":"type-product","3":"status-publish","4":"has-post-thumbnail","6":"product_cat-ciencias-humanas","7":"product_cat-ciencias-da-saude","8":"product_cat-educacao","9":"product_cat-educacao-fisica","11":"first","12":"instock","13":"shipping-taxable","14":"product-type-simple"},"_links":{"self":[{"href":"https:\/\/www.pimentacultural.com\/en\/wp-json\/wp\/v2\/product\/131998","targetHints":{"allow":["GET"]}}],"collection":[{"href":"https:\/\/www.pimentacultural.com\/en\/wp-json\/wp\/v2\/product"}],"about":[{"href":"https:\/\/www.pimentacultural.com\/en\/wp-json\/wp\/v2\/types\/product"}],"version-history":[{"count":0,"href":"https:\/\/www.pimentacultural.com\/en\/wp-json\/wp\/v2\/product\/131998\/revisions"}],"wp:featuredmedia":[{"embeddable":true,"href":"https:\/\/www.pimentacultural.com\/en\/wp-json\/wp\/v2\/media\/131996"}],"wp:attachment":[{"href":"https:\/\/www.pimentacultural.com\/en\/wp-json\/wp\/v2\/media?parent=131998"}],"wp:term":[{"taxonomy":"product_brand","embeddable":true,"href":"https:\/\/www.pimentacultural.com\/en\/wp-json\/wp\/v2\/product_brand?post=131998"},{"taxonomy":"product_cat","embeddable":true,"href":"https:\/\/www.pimentacultural.com\/en\/wp-json\/wp\/v2\/product_cat?post=131998"},{"taxonomy":"product_tag","embeddable":true,"href":"https:\/\/www.pimentacultural.com\/en\/wp-json\/wp\/v2\/product_tag?post=131998"}],"curies":[{"name":"wp","href":"https:\/\/api.w.org\/{rel}","templated":true}]}}