{"id":131986,"date":"2025-12-19T14:48:37","date_gmt":"2025-12-19T17:48:37","guid":{"rendered":"https:\/\/www.pimentacultural.com\/?post_type=product&#038;p=131986"},"modified":"2025-12-19T14:53:03","modified_gmt":"2025-12-19T17:53:03","slug":"gestao-desenvolvimento-inclusivo","status":"publish","type":"product","link":"https:\/\/www.pimentacultural.com\/en\/livro\/gestao-desenvolvimento-inclusivo\/","title":{"rendered":"Gest\u00e3o do Desenvolvimento Inclusivo na Escola: aspectos te\u00f3ricos e projetos de boas pr\u00e1ticas"},"content":{"rendered":"","protected":false},"excerpt":{"rendered":"","protected":false},"featured_media":131982,"template":"","meta":[],"product_brand":[],"product_cat":[717,716],"product_tag":[],"class_list":{"0":"post-131986","1":"product","2":"type-product","3":"status-publish","4":"has-post-thumbnail","6":"product_cat-educacao","7":"product_cat-ciencias-humanas","9":"first","10":"instock","11":"shipping-taxable","12":"product-type-simple"},"_links":{"self":[{"href":"https:\/\/www.pimentacultural.com\/en\/wp-json\/wp\/v2\/product\/131986","targetHints":{"allow":["GET"]}}],"collection":[{"href":"https:\/\/www.pimentacultural.com\/en\/wp-json\/wp\/v2\/product"}],"about":[{"href":"https:\/\/www.pimentacultural.com\/en\/wp-json\/wp\/v2\/types\/product"}],"version-history":[{"count":0,"href":"https:\/\/www.pimentacultural.com\/en\/wp-json\/wp\/v2\/product\/131986\/revisions"}],"wp:featuredmedia":[{"embeddable":true,"href":"https:\/\/www.pimentacultural.com\/en\/wp-json\/wp\/v2\/media\/131982"}],"wp:attachment":[{"href":"https:\/\/www.pimentacultural.com\/en\/wp-json\/wp\/v2\/media?parent=131986"}],"wp:term":[{"taxonomy":"product_brand","embeddable":true,"href":"https:\/\/www.pimentacultural.com\/en\/wp-json\/wp\/v2\/product_brand?post=131986"},{"taxonomy":"product_cat","embeddable":true,"href":"https:\/\/www.pimentacultural.com\/en\/wp-json\/wp\/v2\/product_cat?post=131986"},{"taxonomy":"product_tag","embeddable":true,"href":"https:\/\/www.pimentacultural.com\/en\/wp-json\/wp\/v2\/product_tag?post=131986"}],"curies":[{"name":"wp","href":"https:\/\/api.w.org\/{rel}","templated":true}]}}