{"id":131965,"date":"2025-12-18T18:31:21","date_gmt":"2025-12-18T21:31:21","guid":{"rendered":"https:\/\/www.pimentacultural.com\/?post_type=product&#038;p=131965"},"modified":"2026-01-08T10:45:46","modified_gmt":"2026-01-08T13:45:46","slug":"engenharia-v1","status":"publish","type":"product","link":"https:\/\/www.pimentacultural.com\/en\/livro\/engenharia-v1\/","title":{"rendered":"Abordagens te\u00f3ricas e pr\u00e1ticas em pesquisa. Cole\u00e7\u00e3o Ci\u00eancias da Engenharia. V.1"},"content":{"rendered":"","protected":false},"excerpt":{"rendered":"<p><em>Obra organizada a partir de chamada aberta por meio de edital, com recebimento cont\u00ednuo de artigos para composi\u00e7\u00e3o dos cap\u00edtulos. <\/em><\/p>\n<p><em>Livro em fase de elabora\u00e7\u00e3o.<\/em><\/p>\n<p><strong>Fa\u00e7a o download dos cap\u00edtulos clicando nos t\u00edtulos abaixo.<\/strong><\/p>\n<p>&nbsp;<\/p>\n<h4>CAP\u00cdTULOS<\/h4>\n<hr \/>\n<h5><\/h5>\n<h5><a href=\"https:\/\/www.pimentacultural.com\/wp-content\/uploads\/2026\/01\/Expediente_ID-ENG-v.-1.pdf\"><strong>Elementos pr\u00e9-textuais: capa, folha de rosto, ficha catalogr\u00e1fica, expediente e comit\u00ea editorial.<\/strong><\/a><\/h5>\n<h5><a href=\"https:\/\/www.pimentacultural.com\/wp-content\/uploads\/2026\/01\/ID-ENG-v.-1-cap-1_Sais-de-Tutton-baseados-em-NiII-sintese-caracterizacoes-espectroscopicas-termicas-e-microestruturais.pdf\">Cap\u00edtulo 1 &#8211; <span data-sheets-root=\"1\">Sais de Tutton baseados em Ni(II) \u2013 s\u00edntese, caracteriza\u00e7\u00f5es espectrosc\u00f3picas, t\u00e9rmicas e microestruturais. Autores: Ana Paula Ineichen, Claudio Michel Poffo e Silmar Jos\u00e9 Spinardi Franchi<\/span><\/a><\/h5>\n<h5><\/h5>\n<hr \/>\n<p>&nbsp;<\/p>\n","protected":false},"featured_media":131966,"template":"","meta":[],"product_brand":[],"product_cat":[718,729,726,719],"product_tag":[],"class_list":{"0":"post-131965","1":"product","2":"type-product","3":"status-publish","4":"has-post-thumbnail","6":"product_cat-linguistica-letras-artes","7":"product_cat-artes","8":"product_cat-letras","9":"product_cat-linguistica","11":"first","12":"instock","13":"shipping-taxable","14":"product-type-simple"},"_links":{"self":[{"href":"https:\/\/www.pimentacultural.com\/en\/wp-json\/wp\/v2\/product\/131965","targetHints":{"allow":["GET"]}}],"collection":[{"href":"https:\/\/www.pimentacultural.com\/en\/wp-json\/wp\/v2\/product"}],"about":[{"href":"https:\/\/www.pimentacultural.com\/en\/wp-json\/wp\/v2\/types\/product"}],"version-history":[{"count":0,"href":"https:\/\/www.pimentacultural.com\/en\/wp-json\/wp\/v2\/product\/131965\/revisions"}],"wp:featuredmedia":[{"embeddable":true,"href":"https:\/\/www.pimentacultural.com\/en\/wp-json\/wp\/v2\/media\/131966"}],"wp:attachment":[{"href":"https:\/\/www.pimentacultural.com\/en\/wp-json\/wp\/v2\/media?parent=131965"}],"wp:term":[{"taxonomy":"product_brand","embeddable":true,"href":"https:\/\/www.pimentacultural.com\/en\/wp-json\/wp\/v2\/product_brand?post=131965"},{"taxonomy":"product_cat","embeddable":true,"href":"https:\/\/www.pimentacultural.com\/en\/wp-json\/wp\/v2\/product_cat?post=131965"},{"taxonomy":"product_tag","embeddable":true,"href":"https:\/\/www.pimentacultural.com\/en\/wp-json\/wp\/v2\/product_tag?post=131965"}],"curies":[{"name":"wp","href":"https:\/\/api.w.org\/{rel}","templated":true}]}}