{"id":131947,"date":"2025-12-17T15:46:42","date_gmt":"2025-12-17T18:46:42","guid":{"rendered":"https:\/\/www.pimentacultural.com\/?post_type=product&#038;p=131947"},"modified":"2025-12-17T15:51:52","modified_gmt":"2025-12-17T18:51:52","slug":"recursos-educacionais-digitais","status":"publish","type":"product","link":"https:\/\/www.pimentacultural.com\/en\/livro\/recursos-educacionais-digitais\/","title":{"rendered":"Recursos Educacionais Digitais da Educa\u00e7\u00e3o Bil\u00edngue de Surdos"},"content":{"rendered":"","protected":false},"excerpt":{"rendered":"","protected":false},"featured_media":131943,"template":"","meta":[],"product_brand":[],"product_cat":[717,716],"product_tag":[],"class_list":{"0":"post-131947","1":"product","2":"type-product","3":"status-publish","4":"has-post-thumbnail","6":"product_cat-educacao","7":"product_cat-ciencias-humanas","9":"first","10":"instock","11":"shipping-taxable","12":"product-type-simple"},"_links":{"self":[{"href":"https:\/\/www.pimentacultural.com\/en\/wp-json\/wp\/v2\/product\/131947","targetHints":{"allow":["GET"]}}],"collection":[{"href":"https:\/\/www.pimentacultural.com\/en\/wp-json\/wp\/v2\/product"}],"about":[{"href":"https:\/\/www.pimentacultural.com\/en\/wp-json\/wp\/v2\/types\/product"}],"version-history":[{"count":0,"href":"https:\/\/www.pimentacultural.com\/en\/wp-json\/wp\/v2\/product\/131947\/revisions"}],"wp:featuredmedia":[{"embeddable":true,"href":"https:\/\/www.pimentacultural.com\/en\/wp-json\/wp\/v2\/media\/131943"}],"wp:attachment":[{"href":"https:\/\/www.pimentacultural.com\/en\/wp-json\/wp\/v2\/media?parent=131947"}],"wp:term":[{"taxonomy":"product_brand","embeddable":true,"href":"https:\/\/www.pimentacultural.com\/en\/wp-json\/wp\/v2\/product_brand?post=131947"},{"taxonomy":"product_cat","embeddable":true,"href":"https:\/\/www.pimentacultural.com\/en\/wp-json\/wp\/v2\/product_cat?post=131947"},{"taxonomy":"product_tag","embeddable":true,"href":"https:\/\/www.pimentacultural.com\/en\/wp-json\/wp\/v2\/product_tag?post=131947"}],"curies":[{"name":"wp","href":"https:\/\/api.w.org\/{rel}","templated":true}]}}