{"id":131938,"date":"2025-12-17T10:06:07","date_gmt":"2025-12-17T13:06:07","guid":{"rendered":"https:\/\/www.pimentacultural.com\/?post_type=product&#038;p=131938"},"modified":"2026-01-21T10:50:13","modified_gmt":"2026-01-21T13:50:13","slug":"linguistica-letras-artes-v3","status":"publish","type":"product","link":"https:\/\/www.pimentacultural.com\/en\/livro\/linguistica-letras-artes-v3\/","title":{"rendered":"Abordagens te\u00f3ricas e pr\u00e1ticas em pesquisa. Cole\u00e7\u00e3o Lingu\u00edstica, Letras e Artes. V.3"},"content":{"rendered":"","protected":false},"excerpt":{"rendered":"","protected":false},"featured_media":131939,"template":"","meta":[],"product_brand":[],"product_cat":[718,729,726,719],"product_tag":[],"class_list":{"0":"post-131938","1":"product","2":"type-product","3":"status-publish","4":"has-post-thumbnail","6":"product_cat-linguistica-letras-artes","7":"product_cat-artes","8":"product_cat-letras","9":"product_cat-linguistica","11":"first","12":"instock","13":"shipping-taxable","14":"product-type-simple"},"_links":{"self":[{"href":"https:\/\/www.pimentacultural.com\/en\/wp-json\/wp\/v2\/product\/131938","targetHints":{"allow":["GET"]}}],"collection":[{"href":"https:\/\/www.pimentacultural.com\/en\/wp-json\/wp\/v2\/product"}],"about":[{"href":"https:\/\/www.pimentacultural.com\/en\/wp-json\/wp\/v2\/types\/product"}],"version-history":[{"count":0,"href":"https:\/\/www.pimentacultural.com\/en\/wp-json\/wp\/v2\/product\/131938\/revisions"}],"wp:featuredmedia":[{"embeddable":true,"href":"https:\/\/www.pimentacultural.com\/en\/wp-json\/wp\/v2\/media\/131939"}],"wp:attachment":[{"href":"https:\/\/www.pimentacultural.com\/en\/wp-json\/wp\/v2\/media?parent=131938"}],"wp:term":[{"taxonomy":"product_brand","embeddable":true,"href":"https:\/\/www.pimentacultural.com\/en\/wp-json\/wp\/v2\/product_brand?post=131938"},{"taxonomy":"product_cat","embeddable":true,"href":"https:\/\/www.pimentacultural.com\/en\/wp-json\/wp\/v2\/product_cat?post=131938"},{"taxonomy":"product_tag","embeddable":true,"href":"https:\/\/www.pimentacultural.com\/en\/wp-json\/wp\/v2\/product_tag?post=131938"}],"curies":[{"name":"wp","href":"https:\/\/api.w.org\/{rel}","templated":true}]}}