{"id":131932,"date":"2025-12-16T16:34:59","date_gmt":"2025-12-16T19:34:59","guid":{"rendered":"https:\/\/www.pimentacultural.com\/?post_type=product&#038;p=131932"},"modified":"2025-12-16T16:38:28","modified_gmt":"2025-12-16T19:38:28","slug":"transitos-linguisticos-2","status":"publish","type":"product","link":"https:\/\/www.pimentacultural.com\/en\/livro\/transitos-linguisticos-2\/","title":{"rendered":"Tr\u00e2nsitos lingu\u00edsticos e liter\u00e1rios: espa\u00e7os entre teoria, cultura e forma\u00e7\u00e3o docente"},"content":{"rendered":"","protected":false},"excerpt":{"rendered":"","protected":false},"featured_media":131930,"template":"","meta":[],"product_brand":[],"product_cat":[718,726],"product_tag":[],"class_list":{"0":"post-131932","1":"product","2":"type-product","3":"status-publish","4":"has-post-thumbnail","6":"product_cat-linguistica-letras-artes","7":"product_cat-letras","9":"first","10":"instock","11":"shipping-taxable","12":"product-type-simple"},"_links":{"self":[{"href":"https:\/\/www.pimentacultural.com\/en\/wp-json\/wp\/v2\/product\/131932","targetHints":{"allow":["GET"]}}],"collection":[{"href":"https:\/\/www.pimentacultural.com\/en\/wp-json\/wp\/v2\/product"}],"about":[{"href":"https:\/\/www.pimentacultural.com\/en\/wp-json\/wp\/v2\/types\/product"}],"version-history":[{"count":0,"href":"https:\/\/www.pimentacultural.com\/en\/wp-json\/wp\/v2\/product\/131932\/revisions"}],"wp:featuredmedia":[{"embeddable":true,"href":"https:\/\/www.pimentacultural.com\/en\/wp-json\/wp\/v2\/media\/131930"}],"wp:attachment":[{"href":"https:\/\/www.pimentacultural.com\/en\/wp-json\/wp\/v2\/media?parent=131932"}],"wp:term":[{"taxonomy":"product_brand","embeddable":true,"href":"https:\/\/www.pimentacultural.com\/en\/wp-json\/wp\/v2\/product_brand?post=131932"},{"taxonomy":"product_cat","embeddable":true,"href":"https:\/\/www.pimentacultural.com\/en\/wp-json\/wp\/v2\/product_cat?post=131932"},{"taxonomy":"product_tag","embeddable":true,"href":"https:\/\/www.pimentacultural.com\/en\/wp-json\/wp\/v2\/product_tag?post=131932"}],"curies":[{"name":"wp","href":"https:\/\/api.w.org\/{rel}","templated":true}]}}