{"id":131858,"date":"2025-12-10T10:30:27","date_gmt":"2025-12-10T13:30:27","guid":{"rendered":"https:\/\/www.pimentacultural.com\/?post_type=product&#038;p=131858"},"modified":"2026-01-21T13:17:07","modified_gmt":"2026-01-21T16:17:07","slug":"multidisciplinar-v-2","status":"publish","type":"product","link":"https:\/\/www.pimentacultural.com\/en\/livro\/multidisciplinar-v-2\/","title":{"rendered":"Abordagens te\u00f3ricas e pr\u00e1ticas em pesquisa. Cole\u00e7\u00e3o Multidisciplinar. V.2"},"content":{"rendered":"","protected":false},"excerpt":{"rendered":"","protected":false},"featured_media":131886,"template":"","meta":[],"product_brand":[],"product_cat":[716],"product_tag":[],"class_list":{"0":"post-131858","1":"product","2":"type-product","3":"status-publish","4":"has-post-thumbnail","6":"product_cat-ciencias-humanas","8":"first","9":"instock","10":"shipping-taxable","11":"product-type-simple"},"_links":{"self":[{"href":"https:\/\/www.pimentacultural.com\/en\/wp-json\/wp\/v2\/product\/131858","targetHints":{"allow":["GET"]}}],"collection":[{"href":"https:\/\/www.pimentacultural.com\/en\/wp-json\/wp\/v2\/product"}],"about":[{"href":"https:\/\/www.pimentacultural.com\/en\/wp-json\/wp\/v2\/types\/product"}],"version-history":[{"count":0,"href":"https:\/\/www.pimentacultural.com\/en\/wp-json\/wp\/v2\/product\/131858\/revisions"}],"wp:featuredmedia":[{"embeddable":true,"href":"https:\/\/www.pimentacultural.com\/en\/wp-json\/wp\/v2\/media\/131886"}],"wp:attachment":[{"href":"https:\/\/www.pimentacultural.com\/en\/wp-json\/wp\/v2\/media?parent=131858"}],"wp:term":[{"taxonomy":"product_brand","embeddable":true,"href":"https:\/\/www.pimentacultural.com\/en\/wp-json\/wp\/v2\/product_brand?post=131858"},{"taxonomy":"product_cat","embeddable":true,"href":"https:\/\/www.pimentacultural.com\/en\/wp-json\/wp\/v2\/product_cat?post=131858"},{"taxonomy":"product_tag","embeddable":true,"href":"https:\/\/www.pimentacultural.com\/en\/wp-json\/wp\/v2\/product_tag?post=131858"}],"curies":[{"name":"wp","href":"https:\/\/api.w.org\/{rel}","templated":true}]}}