{"id":131833,"date":"2025-12-09T14:35:52","date_gmt":"2025-12-09T17:35:52","guid":{"rendered":"https:\/\/www.pimentacultural.com\/?post_type=product&#038;p=131833"},"modified":"2025-12-09T14:39:02","modified_gmt":"2025-12-09T17:39:02","slug":"praticas-enfrentamentos","status":"publish","type":"product","link":"https:\/\/www.pimentacultural.com\/en\/livro\/praticas-enfrentamentos\/","title":{"rendered":"Pr\u00e1ticas de enfrentamentos \u00e0 branquitude: di\u00e1logos e experi\u00eancias"},"content":{"rendered":"","protected":false},"excerpt":{"rendered":"","protected":false},"featured_media":131829,"template":"","meta":[],"product_brand":[],"product_cat":[716,722],"product_tag":[],"class_list":{"0":"post-131833","1":"product","2":"type-product","3":"status-publish","4":"has-post-thumbnail","6":"product_cat-ciencias-humanas","7":"product_cat-psicologia","9":"first","10":"instock","11":"shipping-taxable","12":"product-type-simple"},"_links":{"self":[{"href":"https:\/\/www.pimentacultural.com\/en\/wp-json\/wp\/v2\/product\/131833","targetHints":{"allow":["GET"]}}],"collection":[{"href":"https:\/\/www.pimentacultural.com\/en\/wp-json\/wp\/v2\/product"}],"about":[{"href":"https:\/\/www.pimentacultural.com\/en\/wp-json\/wp\/v2\/types\/product"}],"version-history":[{"count":0,"href":"https:\/\/www.pimentacultural.com\/en\/wp-json\/wp\/v2\/product\/131833\/revisions"}],"wp:featuredmedia":[{"embeddable":true,"href":"https:\/\/www.pimentacultural.com\/en\/wp-json\/wp\/v2\/media\/131829"}],"wp:attachment":[{"href":"https:\/\/www.pimentacultural.com\/en\/wp-json\/wp\/v2\/media?parent=131833"}],"wp:term":[{"taxonomy":"product_brand","embeddable":true,"href":"https:\/\/www.pimentacultural.com\/en\/wp-json\/wp\/v2\/product_brand?post=131833"},{"taxonomy":"product_cat","embeddable":true,"href":"https:\/\/www.pimentacultural.com\/en\/wp-json\/wp\/v2\/product_cat?post=131833"},{"taxonomy":"product_tag","embeddable":true,"href":"https:\/\/www.pimentacultural.com\/en\/wp-json\/wp\/v2\/product_tag?post=131833"}],"curies":[{"name":"wp","href":"https:\/\/api.w.org\/{rel}","templated":true}]}}