{"id":131774,"date":"2025-12-04T11:47:50","date_gmt":"2025-12-04T14:47:50","guid":{"rendered":"https:\/\/www.pimentacultural.com\/?post_type=product&#038;p=131774"},"modified":"2025-12-08T10:49:55","modified_gmt":"2025-12-08T13:49:55","slug":"linguas-universidade","status":"publish","type":"product","link":"https:\/\/www.pimentacultural.com\/en\/livro\/linguas-universidade\/","title":{"rendered":"L\u00ednguas, Universidade e Sociedade: di\u00e1logos sobre Lingu\u00edstica Aplicada no Brasil"},"content":{"rendered":"","protected":false},"excerpt":{"rendered":"","protected":false},"featured_media":131770,"template":"","meta":[],"product_brand":[],"product_cat":[718,719],"product_tag":[],"class_list":{"0":"post-131774","1":"product","2":"type-product","3":"status-publish","4":"has-post-thumbnail","6":"product_cat-linguistica-letras-artes","7":"product_cat-linguistica","9":"first","10":"instock","11":"shipping-taxable","12":"product-type-simple"},"_links":{"self":[{"href":"https:\/\/www.pimentacultural.com\/en\/wp-json\/wp\/v2\/product\/131774","targetHints":{"allow":["GET"]}}],"collection":[{"href":"https:\/\/www.pimentacultural.com\/en\/wp-json\/wp\/v2\/product"}],"about":[{"href":"https:\/\/www.pimentacultural.com\/en\/wp-json\/wp\/v2\/types\/product"}],"version-history":[{"count":0,"href":"https:\/\/www.pimentacultural.com\/en\/wp-json\/wp\/v2\/product\/131774\/revisions"}],"wp:featuredmedia":[{"embeddable":true,"href":"https:\/\/www.pimentacultural.com\/en\/wp-json\/wp\/v2\/media\/131770"}],"wp:attachment":[{"href":"https:\/\/www.pimentacultural.com\/en\/wp-json\/wp\/v2\/media?parent=131774"}],"wp:term":[{"taxonomy":"product_brand","embeddable":true,"href":"https:\/\/www.pimentacultural.com\/en\/wp-json\/wp\/v2\/product_brand?post=131774"},{"taxonomy":"product_cat","embeddable":true,"href":"https:\/\/www.pimentacultural.com\/en\/wp-json\/wp\/v2\/product_cat?post=131774"},{"taxonomy":"product_tag","embeddable":true,"href":"https:\/\/www.pimentacultural.com\/en\/wp-json\/wp\/v2\/product_tag?post=131774"}],"curies":[{"name":"wp","href":"https:\/\/api.w.org\/{rel}","templated":true}]}}