{"id":131681,"date":"2025-11-27T11:56:25","date_gmt":"2025-11-27T14:56:25","guid":{"rendered":"https:\/\/www.pimentacultural.com\/?post_type=product&#038;p=131681"},"modified":"2025-11-27T12:00:37","modified_gmt":"2025-11-27T15:00:37","slug":"educacao-sonhos","status":"publish","type":"product","link":"https:\/\/www.pimentacultural.com\/en\/livro\/educacao-sonhos\/","title":{"rendered":"Educa\u00e7\u00e3o dos sonhos: caleidosc\u00f3pio da gradua\u00e7\u00e3o na Universidade do Estado de Minas Gerais \u2013 Carangola"},"content":{"rendered":"","protected":false},"excerpt":{"rendered":"","protected":false},"featured_media":131677,"template":"","meta":[],"product_brand":[],"product_cat":[716,721],"product_tag":[],"class_list":{"0":"post-131681","1":"product","2":"type-product","3":"status-publish","4":"has-post-thumbnail","6":"product_cat-ciencias-humanas","7":"product_cat-historia","9":"first","10":"instock","11":"shipping-taxable","12":"product-type-simple"},"_links":{"self":[{"href":"https:\/\/www.pimentacultural.com\/en\/wp-json\/wp\/v2\/product\/131681","targetHints":{"allow":["GET"]}}],"collection":[{"href":"https:\/\/www.pimentacultural.com\/en\/wp-json\/wp\/v2\/product"}],"about":[{"href":"https:\/\/www.pimentacultural.com\/en\/wp-json\/wp\/v2\/types\/product"}],"version-history":[{"count":0,"href":"https:\/\/www.pimentacultural.com\/en\/wp-json\/wp\/v2\/product\/131681\/revisions"}],"wp:featuredmedia":[{"embeddable":true,"href":"https:\/\/www.pimentacultural.com\/en\/wp-json\/wp\/v2\/media\/131677"}],"wp:attachment":[{"href":"https:\/\/www.pimentacultural.com\/en\/wp-json\/wp\/v2\/media?parent=131681"}],"wp:term":[{"taxonomy":"product_brand","embeddable":true,"href":"https:\/\/www.pimentacultural.com\/en\/wp-json\/wp\/v2\/product_brand?post=131681"},{"taxonomy":"product_cat","embeddable":true,"href":"https:\/\/www.pimentacultural.com\/en\/wp-json\/wp\/v2\/product_cat?post=131681"},{"taxonomy":"product_tag","embeddable":true,"href":"https:\/\/www.pimentacultural.com\/en\/wp-json\/wp\/v2\/product_tag?post=131681"}],"curies":[{"name":"wp","href":"https:\/\/api.w.org\/{rel}","templated":true}]}}