{"id":131614,"date":"2025-11-21T15:47:01","date_gmt":"2025-11-21T18:47:01","guid":{"rendered":"https:\/\/www.pimentacultural.com\/?post_type=product&#038;p=131614"},"modified":"2025-11-26T16:32:15","modified_gmt":"2025-11-26T19:32:15","slug":"educacao-trabalho-tecnologias","status":"publish","type":"product","link":"https:\/\/www.pimentacultural.com\/en\/livro\/educacao-trabalho-tecnologias\/","title":{"rendered":"Educa\u00e7\u00e3o, Trabalho e Tecnologias: contradi\u00e7\u00f5es \u00e0 luz da Pedagogia Hist\u00f3rico-Cr\u00edtica"},"content":{"rendered":"","protected":false},"excerpt":{"rendered":"","protected":false},"featured_media":131612,"template":"","meta":[],"product_brand":[],"product_cat":[716,717],"product_tag":[],"class_list":{"0":"post-131614","1":"product","2":"type-product","3":"status-publish","4":"has-post-thumbnail","6":"product_cat-ciencias-humanas","7":"product_cat-educacao","9":"first","10":"instock","11":"shipping-taxable","12":"product-type-simple"},"_links":{"self":[{"href":"https:\/\/www.pimentacultural.com\/en\/wp-json\/wp\/v2\/product\/131614","targetHints":{"allow":["GET"]}}],"collection":[{"href":"https:\/\/www.pimentacultural.com\/en\/wp-json\/wp\/v2\/product"}],"about":[{"href":"https:\/\/www.pimentacultural.com\/en\/wp-json\/wp\/v2\/types\/product"}],"version-history":[{"count":0,"href":"https:\/\/www.pimentacultural.com\/en\/wp-json\/wp\/v2\/product\/131614\/revisions"}],"wp:featuredmedia":[{"embeddable":true,"href":"https:\/\/www.pimentacultural.com\/en\/wp-json\/wp\/v2\/media\/131612"}],"wp:attachment":[{"href":"https:\/\/www.pimentacultural.com\/en\/wp-json\/wp\/v2\/media?parent=131614"}],"wp:term":[{"taxonomy":"product_brand","embeddable":true,"href":"https:\/\/www.pimentacultural.com\/en\/wp-json\/wp\/v2\/product_brand?post=131614"},{"taxonomy":"product_cat","embeddable":true,"href":"https:\/\/www.pimentacultural.com\/en\/wp-json\/wp\/v2\/product_cat?post=131614"},{"taxonomy":"product_tag","embeddable":true,"href":"https:\/\/www.pimentacultural.com\/en\/wp-json\/wp\/v2\/product_tag?post=131614"}],"curies":[{"name":"wp","href":"https:\/\/api.w.org\/{rel}","templated":true}]}}