{"id":131537,"date":"2025-11-17T11:32:10","date_gmt":"2025-11-17T14:32:10","guid":{"rendered":"https:\/\/www.pimentacultural.com\/?post_type=product&#038;p=131537"},"modified":"2025-11-24T11:02:41","modified_gmt":"2025-11-24T14:02:41","slug":"envelhecimento-genero-sexualidade","status":"publish","type":"product","link":"https:\/\/www.pimentacultural.com\/en\/livro\/envelhecimento-genero-sexualidade\/","title":{"rendered":"Envelhecimento, g\u00eanero e sexualidade: (micro)pol\u00edticas em educa\u00e7\u00e3o e sa\u00fade"},"content":{"rendered":"","protected":false},"excerpt":{"rendered":"","protected":false},"featured_media":131533,"template":"","meta":[],"product_brand":[],"product_cat":[716,722],"product_tag":[],"class_list":{"0":"post-131537","1":"product","2":"type-product","3":"status-publish","4":"has-post-thumbnail","6":"product_cat-ciencias-humanas","7":"product_cat-psicologia","9":"first","10":"instock","11":"shipping-taxable","12":"product-type-simple"},"_links":{"self":[{"href":"https:\/\/www.pimentacultural.com\/en\/wp-json\/wp\/v2\/product\/131537","targetHints":{"allow":["GET"]}}],"collection":[{"href":"https:\/\/www.pimentacultural.com\/en\/wp-json\/wp\/v2\/product"}],"about":[{"href":"https:\/\/www.pimentacultural.com\/en\/wp-json\/wp\/v2\/types\/product"}],"version-history":[{"count":0,"href":"https:\/\/www.pimentacultural.com\/en\/wp-json\/wp\/v2\/product\/131537\/revisions"}],"wp:featuredmedia":[{"embeddable":true,"href":"https:\/\/www.pimentacultural.com\/en\/wp-json\/wp\/v2\/media\/131533"}],"wp:attachment":[{"href":"https:\/\/www.pimentacultural.com\/en\/wp-json\/wp\/v2\/media?parent=131537"}],"wp:term":[{"taxonomy":"product_brand","embeddable":true,"href":"https:\/\/www.pimentacultural.com\/en\/wp-json\/wp\/v2\/product_brand?post=131537"},{"taxonomy":"product_cat","embeddable":true,"href":"https:\/\/www.pimentacultural.com\/en\/wp-json\/wp\/v2\/product_cat?post=131537"},{"taxonomy":"product_tag","embeddable":true,"href":"https:\/\/www.pimentacultural.com\/en\/wp-json\/wp\/v2\/product_tag?post=131537"}],"curies":[{"name":"wp","href":"https:\/\/api.w.org\/{rel}","templated":true}]}}