{"id":131439,"date":"2025-10-28T10:59:05","date_gmt":"2025-10-28T13:59:05","guid":{"rendered":"https:\/\/www.pimentacultural.com\/?post_type=product&#038;p=131439"},"modified":"2025-10-28T14:24:28","modified_gmt":"2025-10-28T17:24:28","slug":"representacao-grafica-exercicios","status":"publish","type":"product","link":"https:\/\/www.pimentacultural.com\/en\/livro\/representacao-grafica-exercicios\/","title":{"rendered":"Representa\u00e7\u00e3o gr\u00e1fica: exerc\u00edcios de proje\u00e7\u00f5es cil\u00edndricas"},"content":{"rendered":"","protected":false},"excerpt":{"rendered":"","protected":false},"featured_media":131435,"template":"","meta":[],"product_brand":[],"product_cat":[730,744],"product_tag":[],"class_list":{"0":"post-131439","1":"product","2":"type-product","3":"status-publish","4":"has-post-thumbnail","6":"product_cat-ciencias-exatas-e-da-terra","7":"product_cat-matematica","9":"first","10":"instock","11":"shipping-taxable","12":"product-type-simple"},"_links":{"self":[{"href":"https:\/\/www.pimentacultural.com\/en\/wp-json\/wp\/v2\/product\/131439","targetHints":{"allow":["GET"]}}],"collection":[{"href":"https:\/\/www.pimentacultural.com\/en\/wp-json\/wp\/v2\/product"}],"about":[{"href":"https:\/\/www.pimentacultural.com\/en\/wp-json\/wp\/v2\/types\/product"}],"version-history":[{"count":0,"href":"https:\/\/www.pimentacultural.com\/en\/wp-json\/wp\/v2\/product\/131439\/revisions"}],"wp:featuredmedia":[{"embeddable":true,"href":"https:\/\/www.pimentacultural.com\/en\/wp-json\/wp\/v2\/media\/131435"}],"wp:attachment":[{"href":"https:\/\/www.pimentacultural.com\/en\/wp-json\/wp\/v2\/media?parent=131439"}],"wp:term":[{"taxonomy":"product_brand","embeddable":true,"href":"https:\/\/www.pimentacultural.com\/en\/wp-json\/wp\/v2\/product_brand?post=131439"},{"taxonomy":"product_cat","embeddable":true,"href":"https:\/\/www.pimentacultural.com\/en\/wp-json\/wp\/v2\/product_cat?post=131439"},{"taxonomy":"product_tag","embeddable":true,"href":"https:\/\/www.pimentacultural.com\/en\/wp-json\/wp\/v2\/product_tag?post=131439"}],"curies":[{"name":"wp","href":"https:\/\/api.w.org\/{rel}","templated":true}]}}