{"id":131095,"date":"2025-10-07T12:21:42","date_gmt":"2025-10-07T15:21:42","guid":{"rendered":"https:\/\/www.pimentacultural.com\/?post_type=product&#038;p=131095"},"modified":"2025-11-05T15:20:45","modified_gmt":"2025-11-05T18:20:45","slug":"didactica-especialidade","status":"publish","type":"product","link":"https:\/\/www.pimentacultural.com\/en\/livro\/didactica-especialidade\/","title":{"rendered":"Did\u00e1ctica da especialidade na forma\u00e7\u00e3o docente: descri\u00e7\u00e3o da experi\u00eancia dos docentes do ISCED-Hu\u00edla"},"content":{"rendered":"","protected":false},"excerpt":{"rendered":"","protected":false},"featured_media":131091,"template":"","meta":[],"product_brand":[],"product_cat":[764,716,717],"product_tag":[],"class_list":{"0":"post-131095","1":"product","2":"type-product","3":"status-publish","4":"has-post-thumbnail","6":"product_cat-interdisciplinar","7":"product_cat-ciencias-humanas","8":"product_cat-educacao","10":"first","11":"instock","12":"shipping-taxable","13":"product-type-simple"},"_links":{"self":[{"href":"https:\/\/www.pimentacultural.com\/en\/wp-json\/wp\/v2\/product\/131095","targetHints":{"allow":["GET"]}}],"collection":[{"href":"https:\/\/www.pimentacultural.com\/en\/wp-json\/wp\/v2\/product"}],"about":[{"href":"https:\/\/www.pimentacultural.com\/en\/wp-json\/wp\/v2\/types\/product"}],"version-history":[{"count":0,"href":"https:\/\/www.pimentacultural.com\/en\/wp-json\/wp\/v2\/product\/131095\/revisions"}],"wp:featuredmedia":[{"embeddable":true,"href":"https:\/\/www.pimentacultural.com\/en\/wp-json\/wp\/v2\/media\/131091"}],"wp:attachment":[{"href":"https:\/\/www.pimentacultural.com\/en\/wp-json\/wp\/v2\/media?parent=131095"}],"wp:term":[{"taxonomy":"product_brand","embeddable":true,"href":"https:\/\/www.pimentacultural.com\/en\/wp-json\/wp\/v2\/product_brand?post=131095"},{"taxonomy":"product_cat","embeddable":true,"href":"https:\/\/www.pimentacultural.com\/en\/wp-json\/wp\/v2\/product_cat?post=131095"},{"taxonomy":"product_tag","embeddable":true,"href":"https:\/\/www.pimentacultural.com\/en\/wp-json\/wp\/v2\/product_tag?post=131095"}],"curies":[{"name":"wp","href":"https:\/\/api.w.org\/{rel}","templated":true}]}}