{"id":131045,"date":"2025-09-23T09:39:55","date_gmt":"2025-09-23T12:39:55","guid":{"rendered":"https:\/\/www.pimentacultural.com\/?post_type=product&#038;p=131045"},"modified":"2025-11-05T14:56:24","modified_gmt":"2025-11-05T17:56:24","slug":"educacao-pandemia-politica","status":"publish","type":"product","link":"https:\/\/www.pimentacultural.com\/en\/livro\/educacao-pandemia-politica\/","title":{"rendered":"A educa\u00e7\u00e3o, a pandemia e a pol\u00edtica: o Brasil \u00e0s v\u00e9speras de 2022"},"content":{"rendered":"","protected":false},"excerpt":{"rendered":"","protected":false},"featured_media":131041,"template":"","meta":[],"product_brand":[],"product_cat":[764,716,717],"product_tag":[],"class_list":{"0":"post-131045","1":"product","2":"type-product","3":"status-publish","4":"has-post-thumbnail","6":"product_cat-interdisciplinar","7":"product_cat-ciencias-humanas","8":"product_cat-educacao","10":"first","11":"instock","12":"shipping-taxable","13":"product-type-simple"},"_links":{"self":[{"href":"https:\/\/www.pimentacultural.com\/en\/wp-json\/wp\/v2\/product\/131045","targetHints":{"allow":["GET"]}}],"collection":[{"href":"https:\/\/www.pimentacultural.com\/en\/wp-json\/wp\/v2\/product"}],"about":[{"href":"https:\/\/www.pimentacultural.com\/en\/wp-json\/wp\/v2\/types\/product"}],"version-history":[{"count":0,"href":"https:\/\/www.pimentacultural.com\/en\/wp-json\/wp\/v2\/product\/131045\/revisions"}],"wp:featuredmedia":[{"embeddable":true,"href":"https:\/\/www.pimentacultural.com\/en\/wp-json\/wp\/v2\/media\/131041"}],"wp:attachment":[{"href":"https:\/\/www.pimentacultural.com\/en\/wp-json\/wp\/v2\/media?parent=131045"}],"wp:term":[{"taxonomy":"product_brand","embeddable":true,"href":"https:\/\/www.pimentacultural.com\/en\/wp-json\/wp\/v2\/product_brand?post=131045"},{"taxonomy":"product_cat","embeddable":true,"href":"https:\/\/www.pimentacultural.com\/en\/wp-json\/wp\/v2\/product_cat?post=131045"},{"taxonomy":"product_tag","embeddable":true,"href":"https:\/\/www.pimentacultural.com\/en\/wp-json\/wp\/v2\/product_tag?post=131045"}],"curies":[{"name":"wp","href":"https:\/\/api.w.org\/{rel}","templated":true}]}}