{"id":130983,"date":"2025-09-05T15:04:31","date_gmt":"2025-09-05T18:04:31","guid":{"rendered":"https:\/\/www.pimentacultural.com\/?post_type=product&#038;p=130983"},"modified":"2025-09-23T12:42:46","modified_gmt":"2025-09-23T15:42:46","slug":"acolhimento-institucional","status":"publish","type":"product","link":"https:\/\/www.pimentacultural.com\/en\/livro\/acolhimento-institucional\/","title":{"rendered":"O acolhimento institucional e suas contribui\u00e7\u00f5es ao processo formativo no Ensino T\u00e9cnico: a percep\u00e7\u00e3o dos docentes"},"content":{"rendered":"","protected":false},"excerpt":{"rendered":"","protected":false},"featured_media":130979,"template":"","meta":[],"product_brand":[],"product_cat":[764,716,717],"product_tag":[],"class_list":{"0":"post-130983","1":"product","2":"type-product","3":"status-publish","4":"has-post-thumbnail","6":"product_cat-interdisciplinar","7":"product_cat-ciencias-humanas","8":"product_cat-educacao","10":"first","11":"instock","12":"shipping-taxable","13":"product-type-simple"},"_links":{"self":[{"href":"https:\/\/www.pimentacultural.com\/en\/wp-json\/wp\/v2\/product\/130983","targetHints":{"allow":["GET"]}}],"collection":[{"href":"https:\/\/www.pimentacultural.com\/en\/wp-json\/wp\/v2\/product"}],"about":[{"href":"https:\/\/www.pimentacultural.com\/en\/wp-json\/wp\/v2\/types\/product"}],"version-history":[{"count":0,"href":"https:\/\/www.pimentacultural.com\/en\/wp-json\/wp\/v2\/product\/130983\/revisions"}],"wp:featuredmedia":[{"embeddable":true,"href":"https:\/\/www.pimentacultural.com\/en\/wp-json\/wp\/v2\/media\/130979"}],"wp:attachment":[{"href":"https:\/\/www.pimentacultural.com\/en\/wp-json\/wp\/v2\/media?parent=130983"}],"wp:term":[{"taxonomy":"product_brand","embeddable":true,"href":"https:\/\/www.pimentacultural.com\/en\/wp-json\/wp\/v2\/product_brand?post=130983"},{"taxonomy":"product_cat","embeddable":true,"href":"https:\/\/www.pimentacultural.com\/en\/wp-json\/wp\/v2\/product_cat?post=130983"},{"taxonomy":"product_tag","embeddable":true,"href":"https:\/\/www.pimentacultural.com\/en\/wp-json\/wp\/v2\/product_tag?post=130983"}],"curies":[{"name":"wp","href":"https:\/\/api.w.org\/{rel}","templated":true}]}}