{"id":130955,"date":"2025-09-03T16:07:50","date_gmt":"2025-09-03T19:07:50","guid":{"rendered":"https:\/\/www.pimentacultural.com\/?post_type=product&#038;p=130955"},"modified":"2025-09-23T12:39:08","modified_gmt":"2025-09-23T15:39:08","slug":"anais-vi-congresso","status":"publish","type":"product","link":"https:\/\/www.pimentacultural.com\/en\/livro\/anais-vi-congresso\/","title":{"rendered":"Anais do VI Congresso Sertanejo de Computa\u00e7\u00e3o: Avan\u00e7os em Computa\u00e7\u00e3o Aplicada &#8211; Rob\u00f3tica, IA e Educa\u00e7\u00e3o no Sert\u00e3o"},"content":{"rendered":"","protected":false},"excerpt":{"rendered":"","protected":false},"featured_media":130951,"template":"","meta":[],"product_brand":[],"product_cat":[764,731,730],"product_tag":[],"class_list":{"0":"post-130955","1":"product","2":"type-product","3":"status-publish","4":"has-post-thumbnail","6":"product_cat-interdisciplinar","7":"product_cat-ciencias-da-computacao","8":"product_cat-ciencias-exatas-e-da-terra","10":"first","11":"instock","12":"shipping-taxable","13":"product-type-simple"},"_links":{"self":[{"href":"https:\/\/www.pimentacultural.com\/en\/wp-json\/wp\/v2\/product\/130955","targetHints":{"allow":["GET"]}}],"collection":[{"href":"https:\/\/www.pimentacultural.com\/en\/wp-json\/wp\/v2\/product"}],"about":[{"href":"https:\/\/www.pimentacultural.com\/en\/wp-json\/wp\/v2\/types\/product"}],"version-history":[{"count":0,"href":"https:\/\/www.pimentacultural.com\/en\/wp-json\/wp\/v2\/product\/130955\/revisions"}],"wp:featuredmedia":[{"embeddable":true,"href":"https:\/\/www.pimentacultural.com\/en\/wp-json\/wp\/v2\/media\/130951"}],"wp:attachment":[{"href":"https:\/\/www.pimentacultural.com\/en\/wp-json\/wp\/v2\/media?parent=130955"}],"wp:term":[{"taxonomy":"product_brand","embeddable":true,"href":"https:\/\/www.pimentacultural.com\/en\/wp-json\/wp\/v2\/product_brand?post=130955"},{"taxonomy":"product_cat","embeddable":true,"href":"https:\/\/www.pimentacultural.com\/en\/wp-json\/wp\/v2\/product_cat?post=130955"},{"taxonomy":"product_tag","embeddable":true,"href":"https:\/\/www.pimentacultural.com\/en\/wp-json\/wp\/v2\/product_tag?post=130955"}],"curies":[{"name":"wp","href":"https:\/\/api.w.org\/{rel}","templated":true}]}}