{"id":130935,"date":"2025-09-02T12:16:58","date_gmt":"2025-09-02T15:16:58","guid":{"rendered":"https:\/\/www.pimentacultural.com\/?post_type=product&#038;p=130935"},"modified":"2025-09-23T12:36:20","modified_gmt":"2025-09-23T15:36:20","slug":"ecologista-educacao","status":"publish","type":"product","link":"https:\/\/www.pimentacultural.com\/en\/livro\/ecologista-educacao\/","title":{"rendered":"Ecologista \u00e9 a educa\u00e7\u00e3o: cartas, relatos e di\u00e1logos"},"content":{"rendered":"","protected":false},"excerpt":{"rendered":"","protected":false},"featured_media":130931,"template":"","meta":[],"product_brand":[],"product_cat":[764,716,717],"product_tag":[],"class_list":{"0":"post-130935","1":"product","2":"type-product","3":"status-publish","4":"has-post-thumbnail","6":"product_cat-interdisciplinar","7":"product_cat-ciencias-humanas","8":"product_cat-educacao","10":"first","11":"instock","12":"shipping-taxable","13":"product-type-simple"},"_links":{"self":[{"href":"https:\/\/www.pimentacultural.com\/en\/wp-json\/wp\/v2\/product\/130935","targetHints":{"allow":["GET"]}}],"collection":[{"href":"https:\/\/www.pimentacultural.com\/en\/wp-json\/wp\/v2\/product"}],"about":[{"href":"https:\/\/www.pimentacultural.com\/en\/wp-json\/wp\/v2\/types\/product"}],"version-history":[{"count":0,"href":"https:\/\/www.pimentacultural.com\/en\/wp-json\/wp\/v2\/product\/130935\/revisions"}],"wp:featuredmedia":[{"embeddable":true,"href":"https:\/\/www.pimentacultural.com\/en\/wp-json\/wp\/v2\/media\/130931"}],"wp:attachment":[{"href":"https:\/\/www.pimentacultural.com\/en\/wp-json\/wp\/v2\/media?parent=130935"}],"wp:term":[{"taxonomy":"product_brand","embeddable":true,"href":"https:\/\/www.pimentacultural.com\/en\/wp-json\/wp\/v2\/product_brand?post=130935"},{"taxonomy":"product_cat","embeddable":true,"href":"https:\/\/www.pimentacultural.com\/en\/wp-json\/wp\/v2\/product_cat?post=130935"},{"taxonomy":"product_tag","embeddable":true,"href":"https:\/\/www.pimentacultural.com\/en\/wp-json\/wp\/v2\/product_tag?post=130935"}],"curies":[{"name":"wp","href":"https:\/\/api.w.org\/{rel}","templated":true}]}}