{"id":130770,"date":"2025-08-25T12:34:24","date_gmt":"2025-08-25T15:34:24","guid":{"rendered":"https:\/\/www.pimentacultural.com\/?post_type=product&#038;p=130770"},"modified":"2025-09-23T12:29:40","modified_gmt":"2025-09-23T15:29:40","slug":"praticas-corporais","status":"publish","type":"product","link":"https:\/\/www.pimentacultural.com\/en\/livro\/praticas-corporais\/","title":{"rendered":"Pr\u00e1ticas corporais no campo da Educa\u00e7\u00e3o F\u00edsica: interfaces entre sa\u00fade e educa\u00e7\u00e3o"},"content":{"rendered":"","protected":false},"excerpt":{"rendered":"","protected":false},"featured_media":130766,"template":"","meta":[],"product_brand":[],"product_cat":[732,733],"product_tag":[],"class_list":{"0":"post-130770","1":"product","2":"type-product","3":"status-publish","4":"has-post-thumbnail","6":"product_cat-ciencias-da-saude","7":"product_cat-educacao-fisica","9":"first","10":"instock","11":"shipping-taxable","12":"product-type-simple"},"_links":{"self":[{"href":"https:\/\/www.pimentacultural.com\/en\/wp-json\/wp\/v2\/product\/130770","targetHints":{"allow":["GET"]}}],"collection":[{"href":"https:\/\/www.pimentacultural.com\/en\/wp-json\/wp\/v2\/product"}],"about":[{"href":"https:\/\/www.pimentacultural.com\/en\/wp-json\/wp\/v2\/types\/product"}],"version-history":[{"count":0,"href":"https:\/\/www.pimentacultural.com\/en\/wp-json\/wp\/v2\/product\/130770\/revisions"}],"wp:featuredmedia":[{"embeddable":true,"href":"https:\/\/www.pimentacultural.com\/en\/wp-json\/wp\/v2\/media\/130766"}],"wp:attachment":[{"href":"https:\/\/www.pimentacultural.com\/en\/wp-json\/wp\/v2\/media?parent=130770"}],"wp:term":[{"taxonomy":"product_brand","embeddable":true,"href":"https:\/\/www.pimentacultural.com\/en\/wp-json\/wp\/v2\/product_brand?post=130770"},{"taxonomy":"product_cat","embeddable":true,"href":"https:\/\/www.pimentacultural.com\/en\/wp-json\/wp\/v2\/product_cat?post=130770"},{"taxonomy":"product_tag","embeddable":true,"href":"https:\/\/www.pimentacultural.com\/en\/wp-json\/wp\/v2\/product_tag?post=130770"}],"curies":[{"name":"wp","href":"https:\/\/api.w.org\/{rel}","templated":true}]}}