{"id":130727,"date":"2025-08-19T11:39:12","date_gmt":"2025-08-19T14:39:12","guid":{"rendered":"https:\/\/www.pimentacultural.com\/?post_type=product&#038;p=130727"},"modified":"2025-09-23T12:20:29","modified_gmt":"2025-09-23T15:20:29","slug":"violencias-contexto-escolar","status":"publish","type":"product","link":"https:\/\/www.pimentacultural.com\/en\/livro\/violencias-contexto-escolar\/","title":{"rendered":"Viol\u00eancias em Contexto Escolar: construindo reflex\u00f5es cr\u00edticas no Brasil"},"content":{"rendered":"","protected":false},"excerpt":{"rendered":"","protected":false},"featured_media":130723,"template":"","meta":[],"product_brand":[],"product_cat":[716,717],"product_tag":[],"class_list":{"0":"post-130727","1":"product","2":"type-product","3":"status-publish","4":"has-post-thumbnail","6":"product_cat-ciencias-humanas","7":"product_cat-educacao","9":"first","10":"instock","11":"shipping-taxable","12":"product-type-simple"},"_links":{"self":[{"href":"https:\/\/www.pimentacultural.com\/en\/wp-json\/wp\/v2\/product\/130727","targetHints":{"allow":["GET"]}}],"collection":[{"href":"https:\/\/www.pimentacultural.com\/en\/wp-json\/wp\/v2\/product"}],"about":[{"href":"https:\/\/www.pimentacultural.com\/en\/wp-json\/wp\/v2\/types\/product"}],"version-history":[{"count":0,"href":"https:\/\/www.pimentacultural.com\/en\/wp-json\/wp\/v2\/product\/130727\/revisions"}],"wp:featuredmedia":[{"embeddable":true,"href":"https:\/\/www.pimentacultural.com\/en\/wp-json\/wp\/v2\/media\/130723"}],"wp:attachment":[{"href":"https:\/\/www.pimentacultural.com\/en\/wp-json\/wp\/v2\/media?parent=130727"}],"wp:term":[{"taxonomy":"product_brand","embeddable":true,"href":"https:\/\/www.pimentacultural.com\/en\/wp-json\/wp\/v2\/product_brand?post=130727"},{"taxonomy":"product_cat","embeddable":true,"href":"https:\/\/www.pimentacultural.com\/en\/wp-json\/wp\/v2\/product_cat?post=130727"},{"taxonomy":"product_tag","embeddable":true,"href":"https:\/\/www.pimentacultural.com\/en\/wp-json\/wp\/v2\/product_tag?post=130727"}],"curies":[{"name":"wp","href":"https:\/\/api.w.org\/{rel}","templated":true}]}}