{"id":130676,"date":"2025-08-05T08:52:15","date_gmt":"2025-08-05T11:52:15","guid":{"rendered":"https:\/\/www.pimentacultural.com\/?post_type=product&#038;p=130676"},"modified":"2025-09-23T11:36:13","modified_gmt":"2025-09-23T14:36:13","slug":"lingua-uso-funcionalismo","status":"publish","type":"product","link":"https:\/\/www.pimentacultural.com\/en\/livro\/lingua-uso-funcionalismo\/","title":{"rendered":"L\u00edngua em uso: funcionalismo lingu\u00edstico e outros olhares te\u00f3ricos"},"content":{"rendered":"","protected":false},"excerpt":{"rendered":"","protected":false},"featured_media":130589,"template":"","meta":[],"product_brand":[],"product_cat":[718,719],"product_tag":[],"class_list":{"0":"post-130676","1":"product","2":"type-product","3":"status-publish","4":"has-post-thumbnail","6":"product_cat-linguistica-letras-artes","7":"product_cat-linguistica","9":"first","10":"instock","11":"shipping-taxable","12":"product-type-simple"},"_links":{"self":[{"href":"https:\/\/www.pimentacultural.com\/en\/wp-json\/wp\/v2\/product\/130676","targetHints":{"allow":["GET"]}}],"collection":[{"href":"https:\/\/www.pimentacultural.com\/en\/wp-json\/wp\/v2\/product"}],"about":[{"href":"https:\/\/www.pimentacultural.com\/en\/wp-json\/wp\/v2\/types\/product"}],"version-history":[{"count":0,"href":"https:\/\/www.pimentacultural.com\/en\/wp-json\/wp\/v2\/product\/130676\/revisions"}],"wp:featuredmedia":[{"embeddable":true,"href":"https:\/\/www.pimentacultural.com\/en\/wp-json\/wp\/v2\/media\/130589"}],"wp:attachment":[{"href":"https:\/\/www.pimentacultural.com\/en\/wp-json\/wp\/v2\/media?parent=130676"}],"wp:term":[{"taxonomy":"product_brand","embeddable":true,"href":"https:\/\/www.pimentacultural.com\/en\/wp-json\/wp\/v2\/product_brand?post=130676"},{"taxonomy":"product_cat","embeddable":true,"href":"https:\/\/www.pimentacultural.com\/en\/wp-json\/wp\/v2\/product_cat?post=130676"},{"taxonomy":"product_tag","embeddable":true,"href":"https:\/\/www.pimentacultural.com\/en\/wp-json\/wp\/v2\/product_tag?post=130676"}],"curies":[{"name":"wp","href":"https:\/\/api.w.org\/{rel}","templated":true}]}}