{"id":130661,"date":"2025-08-01T10:56:02","date_gmt":"2025-08-01T13:56:02","guid":{"rendered":"https:\/\/www.pimentacultural.com\/?post_type=product&#038;p=130661"},"modified":"2025-09-23T11:49:52","modified_gmt":"2025-09-23T14:49:52","slug":"tecendo-futuro","status":"publish","type":"product","link":"https:\/\/www.pimentacultural.com\/en\/livro\/tecendo-futuro\/","title":{"rendered":"Tecendo o Futuro da Educa\u00e7\u00e3o com Intelig\u00eancia Artificial aplicada \u00e0 Audiodescri\u00e7\u00e3o: vers\u00e3o ampliada"},"content":{"rendered":"","protected":false},"excerpt":{"rendered":"","protected":false},"featured_media":130671,"template":"","meta":[],"product_brand":[],"product_cat":[716,717],"product_tag":[],"class_list":{"0":"post-130661","1":"product","2":"type-product","3":"status-publish","4":"has-post-thumbnail","6":"product_cat-ciencias-humanas","7":"product_cat-educacao","9":"first","10":"instock","11":"shipping-taxable","12":"product-type-simple"},"_links":{"self":[{"href":"https:\/\/www.pimentacultural.com\/en\/wp-json\/wp\/v2\/product\/130661","targetHints":{"allow":["GET"]}}],"collection":[{"href":"https:\/\/www.pimentacultural.com\/en\/wp-json\/wp\/v2\/product"}],"about":[{"href":"https:\/\/www.pimentacultural.com\/en\/wp-json\/wp\/v2\/types\/product"}],"version-history":[{"count":0,"href":"https:\/\/www.pimentacultural.com\/en\/wp-json\/wp\/v2\/product\/130661\/revisions"}],"wp:featuredmedia":[{"embeddable":true,"href":"https:\/\/www.pimentacultural.com\/en\/wp-json\/wp\/v2\/media\/130671"}],"wp:attachment":[{"href":"https:\/\/www.pimentacultural.com\/en\/wp-json\/wp\/v2\/media?parent=130661"}],"wp:term":[{"taxonomy":"product_brand","embeddable":true,"href":"https:\/\/www.pimentacultural.com\/en\/wp-json\/wp\/v2\/product_brand?post=130661"},{"taxonomy":"product_cat","embeddable":true,"href":"https:\/\/www.pimentacultural.com\/en\/wp-json\/wp\/v2\/product_cat?post=130661"},{"taxonomy":"product_tag","embeddable":true,"href":"https:\/\/www.pimentacultural.com\/en\/wp-json\/wp\/v2\/product_tag?post=130661"}],"curies":[{"name":"wp","href":"https:\/\/api.w.org\/{rel}","templated":true}]}}