{"id":130581,"date":"2025-07-22T11:40:36","date_gmt":"2025-07-22T14:40:36","guid":{"rendered":"https:\/\/www.pimentacultural.com\/?post_type=product&#038;p=130581"},"modified":"2025-09-23T11:30:30","modified_gmt":"2025-09-23T14:30:30","slug":"desafios-politica-social","status":"publish","type":"product","link":"https:\/\/www.pimentacultural.com\/en\/livro\/desafios-politica-social\/","title":{"rendered":"Desafios para a Pol\u00edtica Social e a Democracia no Capitalismo Tardio: tecnologia, corpora\u00e7\u00f5es, desinforma\u00e7\u00e3o e o avan\u00e7o da direita"},"content":{"rendered":"","protected":false},"excerpt":{"rendered":"","protected":false},"featured_media":130577,"template":"","meta":[],"product_brand":[],"product_cat":[718,714,719,860],"product_tag":[],"class_list":{"0":"post-130581","1":"product","2":"type-product","3":"status-publish","4":"has-post-thumbnail","6":"product_cat-linguistica-letras-artes","7":"product_cat-ciencias-sociais-aplicadas","8":"product_cat-linguistica","9":"product_cat-servico-social","11":"first","12":"instock","13":"shipping-taxable","14":"product-type-simple"},"_links":{"self":[{"href":"https:\/\/www.pimentacultural.com\/en\/wp-json\/wp\/v2\/product\/130581","targetHints":{"allow":["GET"]}}],"collection":[{"href":"https:\/\/www.pimentacultural.com\/en\/wp-json\/wp\/v2\/product"}],"about":[{"href":"https:\/\/www.pimentacultural.com\/en\/wp-json\/wp\/v2\/types\/product"}],"version-history":[{"count":0,"href":"https:\/\/www.pimentacultural.com\/en\/wp-json\/wp\/v2\/product\/130581\/revisions"}],"wp:featuredmedia":[{"embeddable":true,"href":"https:\/\/www.pimentacultural.com\/en\/wp-json\/wp\/v2\/media\/130577"}],"wp:attachment":[{"href":"https:\/\/www.pimentacultural.com\/en\/wp-json\/wp\/v2\/media?parent=130581"}],"wp:term":[{"taxonomy":"product_brand","embeddable":true,"href":"https:\/\/www.pimentacultural.com\/en\/wp-json\/wp\/v2\/product_brand?post=130581"},{"taxonomy":"product_cat","embeddable":true,"href":"https:\/\/www.pimentacultural.com\/en\/wp-json\/wp\/v2\/product_cat?post=130581"},{"taxonomy":"product_tag","embeddable":true,"href":"https:\/\/www.pimentacultural.com\/en\/wp-json\/wp\/v2\/product_tag?post=130581"}],"curies":[{"name":"wp","href":"https:\/\/api.w.org\/{rel}","templated":true}]}}