{"id":130532,"date":"2025-07-11T09:20:11","date_gmt":"2025-07-11T12:20:11","guid":{"rendered":"https:\/\/www.pimentacultural.com\/?post_type=product&#038;p=130532"},"modified":"2025-09-23T10:24:07","modified_gmt":"2025-09-23T13:24:07","slug":"variacoes-linguisticas-linguas","status":"publish","type":"product","link":"https:\/\/www.pimentacultural.com\/en\/livro\/variacoes-linguisticas-linguas\/","title":{"rendered":"Varia\u00e7\u00f5es lingu\u00edsticas em l\u00ednguas rom\u00e2nicas: explora\u00e7\u00f5es contempor\u00e2neas \/ Variations linguistiques en langues romanes : Explorations contemporaines"},"content":{"rendered":"","protected":false},"excerpt":{"rendered":"","protected":false},"featured_media":130528,"template":"","meta":[],"product_brand":[],"product_cat":[718,719],"product_tag":[],"class_list":{"0":"post-130532","1":"product","2":"type-product","3":"status-publish","4":"has-post-thumbnail","6":"product_cat-linguistica-letras-artes","7":"product_cat-linguistica","9":"first","10":"instock","11":"shipping-taxable","12":"product-type-simple"},"_links":{"self":[{"href":"https:\/\/www.pimentacultural.com\/en\/wp-json\/wp\/v2\/product\/130532","targetHints":{"allow":["GET"]}}],"collection":[{"href":"https:\/\/www.pimentacultural.com\/en\/wp-json\/wp\/v2\/product"}],"about":[{"href":"https:\/\/www.pimentacultural.com\/en\/wp-json\/wp\/v2\/types\/product"}],"version-history":[{"count":0,"href":"https:\/\/www.pimentacultural.com\/en\/wp-json\/wp\/v2\/product\/130532\/revisions"}],"wp:featuredmedia":[{"embeddable":true,"href":"https:\/\/www.pimentacultural.com\/en\/wp-json\/wp\/v2\/media\/130528"}],"wp:attachment":[{"href":"https:\/\/www.pimentacultural.com\/en\/wp-json\/wp\/v2\/media?parent=130532"}],"wp:term":[{"taxonomy":"product_brand","embeddable":true,"href":"https:\/\/www.pimentacultural.com\/en\/wp-json\/wp\/v2\/product_brand?post=130532"},{"taxonomy":"product_cat","embeddable":true,"href":"https:\/\/www.pimentacultural.com\/en\/wp-json\/wp\/v2\/product_cat?post=130532"},{"taxonomy":"product_tag","embeddable":true,"href":"https:\/\/www.pimentacultural.com\/en\/wp-json\/wp\/v2\/product_tag?post=130532"}],"curies":[{"name":"wp","href":"https:\/\/api.w.org\/{rel}","templated":true}]}}