{"id":130519,"date":"2025-07-04T11:59:57","date_gmt":"2025-07-04T14:59:57","guid":{"rendered":"https:\/\/www.pimentacultural.com\/?post_type=product&#038;p=130519"},"modified":"2025-09-23T11:15:31","modified_gmt":"2025-09-23T14:15:31","slug":"plataformizacao-comunicacao","status":"publish","type":"product","link":"https:\/\/www.pimentacultural.com\/en\/livro\/plataformizacao-comunicacao\/","title":{"rendered":"Plataformiza\u00e7\u00e3o e comunica\u00e7\u00e3o: tens\u00f5es, representa\u00e7\u00f5es e assimetrias"},"content":{"rendered":"","protected":false},"excerpt":{"rendered":"","protected":false},"featured_media":130515,"template":"","meta":[],"product_brand":[],"product_cat":[714,715],"product_tag":[],"class_list":{"0":"post-130519","1":"product","2":"type-product","3":"status-publish","4":"has-post-thumbnail","6":"product_cat-ciencias-sociais-aplicadas","7":"product_cat-comunicacao","9":"first","10":"instock","11":"shipping-taxable","12":"product-type-simple"},"_links":{"self":[{"href":"https:\/\/www.pimentacultural.com\/en\/wp-json\/wp\/v2\/product\/130519","targetHints":{"allow":["GET"]}}],"collection":[{"href":"https:\/\/www.pimentacultural.com\/en\/wp-json\/wp\/v2\/product"}],"about":[{"href":"https:\/\/www.pimentacultural.com\/en\/wp-json\/wp\/v2\/types\/product"}],"version-history":[{"count":0,"href":"https:\/\/www.pimentacultural.com\/en\/wp-json\/wp\/v2\/product\/130519\/revisions"}],"wp:featuredmedia":[{"embeddable":true,"href":"https:\/\/www.pimentacultural.com\/en\/wp-json\/wp\/v2\/media\/130515"}],"wp:attachment":[{"href":"https:\/\/www.pimentacultural.com\/en\/wp-json\/wp\/v2\/media?parent=130519"}],"wp:term":[{"taxonomy":"product_brand","embeddable":true,"href":"https:\/\/www.pimentacultural.com\/en\/wp-json\/wp\/v2\/product_brand?post=130519"},{"taxonomy":"product_cat","embeddable":true,"href":"https:\/\/www.pimentacultural.com\/en\/wp-json\/wp\/v2\/product_cat?post=130519"},{"taxonomy":"product_tag","embeddable":true,"href":"https:\/\/www.pimentacultural.com\/en\/wp-json\/wp\/v2\/product_tag?post=130519"}],"curies":[{"name":"wp","href":"https:\/\/api.w.org\/{rel}","templated":true}]}}