{"id":130445,"date":"2025-06-18T17:47:58","date_gmt":"2025-06-18T20:47:58","guid":{"rendered":"https:\/\/www.pimentacultural.com\/?post_type=product&#038;p=130445"},"modified":"2025-09-29T09:46:53","modified_gmt":"2025-09-29T12:46:53","slug":"formacao-professores-2","status":"publish","type":"product","link":"https:\/\/www.pimentacultural.com\/en\/livro\/formacao-professores-2\/","title":{"rendered":"Forma\u00e7\u00e3o de professores: ensaios cr\u00edticos e perspectivas"},"content":{"rendered":"","protected":false},"excerpt":{"rendered":"","protected":false},"featured_media":130443,"template":"","meta":[],"product_brand":[],"product_cat":[716,717,722],"product_tag":[],"class_list":{"0":"post-130445","1":"product","2":"type-product","3":"status-publish","4":"has-post-thumbnail","6":"product_cat-ciencias-humanas","7":"product_cat-educacao","8":"product_cat-psicologia","10":"first","11":"instock","12":"shipping-taxable","13":"product-type-simple"},"_links":{"self":[{"href":"https:\/\/www.pimentacultural.com\/en\/wp-json\/wp\/v2\/product\/130445","targetHints":{"allow":["GET"]}}],"collection":[{"href":"https:\/\/www.pimentacultural.com\/en\/wp-json\/wp\/v2\/product"}],"about":[{"href":"https:\/\/www.pimentacultural.com\/en\/wp-json\/wp\/v2\/types\/product"}],"version-history":[{"count":0,"href":"https:\/\/www.pimentacultural.com\/en\/wp-json\/wp\/v2\/product\/130445\/revisions"}],"wp:featuredmedia":[{"embeddable":true,"href":"https:\/\/www.pimentacultural.com\/en\/wp-json\/wp\/v2\/media\/130443"}],"wp:attachment":[{"href":"https:\/\/www.pimentacultural.com\/en\/wp-json\/wp\/v2\/media?parent=130445"}],"wp:term":[{"taxonomy":"product_brand","embeddable":true,"href":"https:\/\/www.pimentacultural.com\/en\/wp-json\/wp\/v2\/product_brand?post=130445"},{"taxonomy":"product_cat","embeddable":true,"href":"https:\/\/www.pimentacultural.com\/en\/wp-json\/wp\/v2\/product_cat?post=130445"},{"taxonomy":"product_tag","embeddable":true,"href":"https:\/\/www.pimentacultural.com\/en\/wp-json\/wp\/v2\/product_tag?post=130445"}],"curies":[{"name":"wp","href":"https:\/\/api.w.org\/{rel}","templated":true}]}}