{"id":130397,"date":"2025-06-13T11:08:15","date_gmt":"2025-06-13T14:08:15","guid":{"rendered":"https:\/\/www.pimentacultural.com\/?post_type=product&#038;p=130397"},"modified":"2025-07-24T16:01:19","modified_gmt":"2025-07-24T19:01:19","slug":"manual-tales-ludos","status":"publish","type":"product","link":"https:\/\/www.pimentacultural.com\/en\/livro\/manual-tales-ludos\/","title":{"rendered":"Manual do Tales Ludos: uma ferramenta online para cria\u00e7\u00e3o de jogos educacionais"},"content":{"rendered":"","protected":false},"excerpt":{"rendered":"<h5><a href=\"https:\/\/www.pimentacultural.com\/wp-content\/uploads\/2025\/06\/Infografico_Manual_Tales_Ludos.pdf\">Acesse o infogr\u00e1fico com orienta\u00e7\u00f5es de acesso e uso do site Tales Ludos clicando aqui.<\/a><\/h5>\n","protected":false},"featured_media":130393,"template":"","meta":[],"product_brand":[],"product_cat":[716,717,722],"product_tag":[],"class_list":{"0":"post-130397","1":"product","2":"type-product","3":"status-publish","4":"has-post-thumbnail","6":"product_cat-ciencias-humanas","7":"product_cat-educacao","8":"product_cat-psicologia","10":"first","11":"instock","12":"shipping-taxable","13":"product-type-simple"},"_links":{"self":[{"href":"https:\/\/www.pimentacultural.com\/en\/wp-json\/wp\/v2\/product\/130397","targetHints":{"allow":["GET"]}}],"collection":[{"href":"https:\/\/www.pimentacultural.com\/en\/wp-json\/wp\/v2\/product"}],"about":[{"href":"https:\/\/www.pimentacultural.com\/en\/wp-json\/wp\/v2\/types\/product"}],"version-history":[{"count":0,"href":"https:\/\/www.pimentacultural.com\/en\/wp-json\/wp\/v2\/product\/130397\/revisions"}],"wp:featuredmedia":[{"embeddable":true,"href":"https:\/\/www.pimentacultural.com\/en\/wp-json\/wp\/v2\/media\/130393"}],"wp:attachment":[{"href":"https:\/\/www.pimentacultural.com\/en\/wp-json\/wp\/v2\/media?parent=130397"}],"wp:term":[{"taxonomy":"product_brand","embeddable":true,"href":"https:\/\/www.pimentacultural.com\/en\/wp-json\/wp\/v2\/product_brand?post=130397"},{"taxonomy":"product_cat","embeddable":true,"href":"https:\/\/www.pimentacultural.com\/en\/wp-json\/wp\/v2\/product_cat?post=130397"},{"taxonomy":"product_tag","embeddable":true,"href":"https:\/\/www.pimentacultural.com\/en\/wp-json\/wp\/v2\/product_tag?post=130397"}],"curies":[{"name":"wp","href":"https:\/\/api.w.org\/{rel}","templated":true}]}}