{"id":130383,"date":"2025-06-11T10:04:42","date_gmt":"2025-06-11T13:04:42","guid":{"rendered":"https:\/\/www.pimentacultural.com\/?post_type=product&#038;p=130383"},"modified":"2025-07-24T16:12:36","modified_gmt":"2025-07-24T19:12:36","slug":"determinantes-contemporaneos-doencas","status":"publish","type":"product","link":"https:\/\/www.pimentacultural.com\/en\/livro\/determinantes-contemporaneos-doencas\/","title":{"rendered":"Determinantes Contempor\u00e2neos das Doen\u00e7as Cr\u00f4nicas N\u00e3o Transmiss\u00edveis: Interfaces Metab\u00f3licas, Tecnol\u00f3gicas, Psicol\u00f3gicas e Socioeducativas"},"content":{"rendered":"","protected":false},"excerpt":{"rendered":"","protected":false},"featured_media":130381,"template":"","meta":[],"product_brand":[],"product_cat":[732,734],"product_tag":[],"class_list":{"0":"post-130383","1":"product","2":"type-product","3":"status-publish","4":"has-post-thumbnail","6":"product_cat-ciencias-da-saude","7":"product_cat-medicina","9":"first","10":"instock","11":"shipping-taxable","12":"product-type-simple"},"_links":{"self":[{"href":"https:\/\/www.pimentacultural.com\/en\/wp-json\/wp\/v2\/product\/130383","targetHints":{"allow":["GET"]}}],"collection":[{"href":"https:\/\/www.pimentacultural.com\/en\/wp-json\/wp\/v2\/product"}],"about":[{"href":"https:\/\/www.pimentacultural.com\/en\/wp-json\/wp\/v2\/types\/product"}],"version-history":[{"count":0,"href":"https:\/\/www.pimentacultural.com\/en\/wp-json\/wp\/v2\/product\/130383\/revisions"}],"wp:featuredmedia":[{"embeddable":true,"href":"https:\/\/www.pimentacultural.com\/en\/wp-json\/wp\/v2\/media\/130381"}],"wp:attachment":[{"href":"https:\/\/www.pimentacultural.com\/en\/wp-json\/wp\/v2\/media?parent=130383"}],"wp:term":[{"taxonomy":"product_brand","embeddable":true,"href":"https:\/\/www.pimentacultural.com\/en\/wp-json\/wp\/v2\/product_brand?post=130383"},{"taxonomy":"product_cat","embeddable":true,"href":"https:\/\/www.pimentacultural.com\/en\/wp-json\/wp\/v2\/product_cat?post=130383"},{"taxonomy":"product_tag","embeddable":true,"href":"https:\/\/www.pimentacultural.com\/en\/wp-json\/wp\/v2\/product_tag?post=130383"}],"curies":[{"name":"wp","href":"https:\/\/api.w.org\/{rel}","templated":true}]}}