{"id":130377,"date":"2025-06-11T09:54:05","date_gmt":"2025-06-11T12:54:05","guid":{"rendered":"https:\/\/www.pimentacultural.com\/?post_type=product&#038;p=130377"},"modified":"2025-07-24T16:15:13","modified_gmt":"2025-07-24T19:15:13","slug":"espectador-cinema","status":"publish","type":"product","link":"https:\/\/www.pimentacultural.com\/en\/livro\/espectador-cinema\/","title":{"rendered":"O espectador de cinema: sobre o exerc\u00edcio da aten\u00e7\u00e3o no plano da experi\u00eancia est\u00e9tica com as obras audiovisuais"},"content":{"rendered":"","protected":false},"excerpt":{"rendered":"","protected":false},"featured_media":130373,"template":"","meta":[],"product_brand":[],"product_cat":[722,716],"product_tag":[],"class_list":{"0":"post-130377","1":"product","2":"type-product","3":"status-publish","4":"has-post-thumbnail","6":"product_cat-psicologia","7":"product_cat-ciencias-humanas","9":"first","10":"instock","11":"shipping-taxable","12":"product-type-simple"},"_links":{"self":[{"href":"https:\/\/www.pimentacultural.com\/en\/wp-json\/wp\/v2\/product\/130377","targetHints":{"allow":["GET"]}}],"collection":[{"href":"https:\/\/www.pimentacultural.com\/en\/wp-json\/wp\/v2\/product"}],"about":[{"href":"https:\/\/www.pimentacultural.com\/en\/wp-json\/wp\/v2\/types\/product"}],"version-history":[{"count":0,"href":"https:\/\/www.pimentacultural.com\/en\/wp-json\/wp\/v2\/product\/130377\/revisions"}],"wp:featuredmedia":[{"embeddable":true,"href":"https:\/\/www.pimentacultural.com\/en\/wp-json\/wp\/v2\/media\/130373"}],"wp:attachment":[{"href":"https:\/\/www.pimentacultural.com\/en\/wp-json\/wp\/v2\/media?parent=130377"}],"wp:term":[{"taxonomy":"product_brand","embeddable":true,"href":"https:\/\/www.pimentacultural.com\/en\/wp-json\/wp\/v2\/product_brand?post=130377"},{"taxonomy":"product_cat","embeddable":true,"href":"https:\/\/www.pimentacultural.com\/en\/wp-json\/wp\/v2\/product_cat?post=130377"},{"taxonomy":"product_tag","embeddable":true,"href":"https:\/\/www.pimentacultural.com\/en\/wp-json\/wp\/v2\/product_tag?post=130377"}],"curies":[{"name":"wp","href":"https:\/\/api.w.org\/{rel}","templated":true}]}}